{"id":3,"date":"2021-03-01T14:26:31","date_gmt":"2021-03-01T14:26:31","guid":{"rendered":"https:\/\/serigrafiaeo.com\/?page_id=3"},"modified":"2021-06-07T09:21:40","modified_gmt":"2021-06-07T09:21:40","slug":"politica-de-prvacidad","status":"publish","type":"page","link":"https:\/\/www.serigrafiaeo.com\/gl\/politica-de-prvacidad\/","title":{"rendered":"Pol\u00edtica de Privacidade"},"content":{"rendered":"<div data-elementor-type=\"wp-page\" data-elementor-id=\"3\" class=\"elementor elementor-3\">\n\t\t\t\t\t\t<section class=\"elementor-section elementor-top-section elementor-element elementor-element-5e47aea9 elementor-section-boxed elementor-section-height-default elementor-section-height-default parallax_section_no qode_elementor_container_no\" data-id=\"5e47aea9\" data-element_type=\"section\" data-e-type=\"section\">\n\t\t\t\t\t\t<div class=\"elementor-container elementor-column-gap-default\">\n\t\t\t\t\t<div class=\"elementor-column elementor-col-100 elementor-top-column elementor-element elementor-element-6148b82a\" data-id=\"6148b82a\" data-element_type=\"column\" data-e-type=\"column\">\n\t\t\t<div class=\"elementor-widget-wrap elementor-element-populated\">\n\t\t\t\t\t\t<div class=\"elementor-element elementor-element-d0a8529 elementor-widget elementor-widget-text-editor\" data-id=\"d0a8529\" data-element_type=\"widget\" data-e-type=\"widget\" data-widget_type=\"text-editor.default\">\n\t\t\t\t<div class=\"elementor-widget-container\">\n\t\t\t\t\t\t\t\t\t<p style=\"text-align: left;\">Con motivo de la entrada en vigor del Reglamento General de Protecci\u00f3n de Datos 2016\/679 yla Ley Org\u00e1nica 3\/2018, de Protecci\u00f3n de Datos Personales y garant\u00eda de los derechos digitales se ha procedido a actualizar la presente pol\u00edtica de Protecci\u00f3n de Datos. A continuaci\u00f3n, se facilita informaci\u00f3n sobre los tratamientos de datos llevados a cabo por SERIGRAF\u00cdA EO, S.L.<\/p><h3>1. MARCO LEGISLATIVO APLICABLE.<\/h3><p>Reglamento 2016\/679 del Parlamento Europeo y del Consejo de 27 de abril de 2016 (RGPD), relativo a la protecci\u00f3n de las personas f\u00edsicas con respecto al tratamiento de datos personales y a la libre circulaci\u00f3n de dichos datos, y por el cual se deroga la Directiva 95\/46\/CE. Ley Org\u00e1nica 3\/2018, de 5 de diciembre, de Protecci\u00f3n de Datos Personales y garant\u00eda de los derechos digitales.\u00a0<\/p><p>Las directrices del Grupo de Trabajo del Art\u00edculo 29 .<\/p><p>Las directrices establecidas por la Agencia Espa\u00f1ola de Protecci\u00f3n de Datos<\/p><h3>2. RESPONSABLE DEL TRATAMIENTO.<\/h3><p>El responsable del tratamiento de sus datos de car\u00e1cter personal es SERIGRAF\u00cdA EO, S.L.<br \/>Datos inscripci\u00f3n del Registro Mercantil: TOMO: 260, FOLIO: 59, HOJA: LU-3641<br \/>Direcci\u00f3n postal: Barrio de la Cruz, n\u00ba 20-Vilasel\u00e1n (27710-Ribadeo)<br \/>Mail: comercial@serigrafiaeo.com<br \/>Tlf.: 982128841<\/p><h3>3. COMUNICACIONES ELECTR\u00d3NICAS.<\/h3><p>En el caso de recibir comunicaciones por medios electr\u00f3nicos le informamos que los mensajes\u00a0<span style=\"font-family: var( --e-global-typography-text-font-family ), Sans-serif;\">se dirigen exclusivamente a su destinatario y puede contener informaci\u00f3n privilegiada o\u00a0<\/span><span style=\"font-family: var( --e-global-typography-text-font-family ), Sans-serif;\">confidencial. Si usted no es el destinatario indicado, queda notificado de que su utilizaci\u00f3n,\u00a0<\/span><span style=\"font-family: var( --e-global-typography-text-font-family ), Sans-serif;\">divulgaci\u00f3n y\/o copia sin autorizaci\u00f3n est\u00e1 prohibida en virtud de la legislaci\u00f3n vigente.\u00a0<\/span><span style=\"font-family: var( --e-global-typography-text-font-family ), Sans-serif;\">De conformidad con lo establecido en la Ley 34\/2002 del 11 de julio, de servicios de la\u00a0<\/span><span style=\"font-family: var( --e-global-typography-text-font-family ), Sans-serif;\">sociedad de informaci\u00f3n y de comercio electr\u00f3nico, le comunicamos que en el caso de que no\u00a0<\/span><span style=\"font-family: var( --e-global-typography-text-font-family ), Sans-serif;\">desee recibir comunicaciones e informaci\u00f3n de \u00edndole comercial o publicitaria, ind\u00edquelo al\u00a0<\/span><span style=\"font-family: var( --e-global-typography-text-font-family ), Sans-serif;\">correo comercial@serigrafiaeo.com referenciando en el asunto \u201cBAJA COMUNICACIONES <\/span><span style=\"font-family: var( --e-global-typography-text-font-family ), Sans-serif;\">PUBLICITARIAS\u201d para que sus datos personales sean dados de baja en nuestra base de datos.\u00a0<\/span><span style=\"font-family: var( --e-global-typography-text-font-family ), Sans-serif;\">Su solicitud ser\u00e1 atendida en un plazo de 10 d\u00edas desde su env\u00edo. En el caso de que no\u00a0<\/span><span style=\"font-family: var( --e-global-typography-text-font-family ), Sans-serif;\">recibamos contestaci\u00f3n expresa, se entender\u00e1 que se acepta y autoriza que la entidad\u00a0<\/span><span style=\"font-family: var( --e-global-typography-text-font-family ), Sans-serif;\">actuante siga realizando las susodichas comunicaciones.<\/span><\/p><h3>4. LICITUD DEL TRATAMIENTO.<\/h3><p>El tratamiento de sus datos de car\u00e1cter personal est\u00e1 basado en varios de los supuestos recogidos en el art\u00edculo 6.1 del Reglamento General de Protecci\u00f3n de Datos:\u00a0<\/p><p>&#8211; El tratamiento de sus datos personales es necesario para la ejecuci\u00f3n del encargo profesional realizado, siendo imposible la realizaci\u00f3n del mismo sin el tratamiento de los datos.\u00a0<\/p><p>&#8211; En determinados supuestos el tratamiento de sus datos de car\u00e1cter personal estar\u00e1 basado en el consentimiento otorgado, pudiendo este ser retirado en cualquier momento sin que afecte a los tratamientos realizados con anterioridad.\u00a0<\/p><p>&#8211; En otros supuestos el tratamiento de los datos ser\u00e1 necesario para el cumplimiento de obligaciones legales.<br \/>&#8211; El tratamiento de sus datos personales ser\u00e1 necesario para la satisfacci\u00f3n de intereses leg\u00edtimos.<\/p><h3>5. FINALIDAD DEL TRATAMIENTO.<\/h3><p>Con car\u00e1cter general, sus datos personales ser\u00e1n usados para poder relacionarnos con usted y poder prestar los servicios profesionales ofertados. Asimismo, tambi\u00e9n pueden ser tratados para otras actividades de tipo estad\u00edstico, archivo o de promoci\u00f3n y\/o informaci\u00f3n general. <br \/>En este sentido, en todos nuestros formularios y solicitudes, se ha introducido un apartado donde se le informa de manera clara y sencilla sobre la finalidad, legislaci\u00f3n aplicable y derechos relacionados con sus datos de car\u00e1cter personal. No obstante, usted puede consultar solicitar informaci\u00f3n sobre las finalidades espec\u00edficas, solicitando la informaci\u00f3n en el mail: comercial@serigrafiaeo.com<\/p><h3>6. PLAZO DE CONSERVACI\u00d3N DE DATOS.<\/h3><p>Conservaremos sus datos mientras sean necesarios para realizar los tr\u00e1mites y gestiones encomendados, y en todo caso, durante los plazos legalmente exigidos. Una vez finalizados los plazos legales aplicables, procederemos a conservarlos bloqueados siendo accesibles \u00fanicamente a Administraciones p\u00fablicas, Jueces y Tribunales, para la atenci\u00f3n de las posibles responsabilidades nacidas del tratamiento, durante el plazo de prescripci\u00f3n de \u00e9stas. Tan solo cumplido este segundo plazo debe procederse a la supresi\u00f3n de los datos.<\/p><h3>7. CESIONES DE DATOS.<\/h3><p>Podr\u00e1n tener conocimiento de sus datos de car\u00e1cter personal aquellas entidades p\u00fablicas o privadas a las cuales estemos obligados a facilitar sus datos personales con motivo del cumplimiento de alguna ley o en cumplimiento del encargo profesional realizado. De igual modo, podr\u00e1n tener conocimiento de su informaci\u00f3n de car\u00e1cter personal aquellas empresas adjudicatarias de contratos administrativos que precisen tener acceso a la misma para la prestaci\u00f3n nuestros servicios.<br \/>En el caso de que, al margen de los supuestos comentados, necesitemos dar a conocer su informaci\u00f3n personal a otras entidades, le solicitaremos previamente su permiso a trav\u00e9s de opciones claras que le permitir\u00e1n decidir a este respecto. No obstante, usted puede consultar solicitar informaci\u00f3n sobre las cesiones previstas, solicitando la informaci\u00f3n en el mail: comercial@serigrafiaeo.com<\/p><h3>8. DERECHOS EN PROTECCI\u00d3N DE DATOS.<\/h3><p>El usuario tiene derecho a obtener confirmaci\u00f3n sobre si SERIGRAF\u00cdA EO, S.L. trata datos personales que le conciernen, as\u00ed como a acceder a sus datos personales, solicitar la rectificaci\u00f3n de los datos inexactos o, en su caso, solicitar su supresi\u00f3n cuando, entre otros motivos, los datos ya no sean necesarios para los fines que fueron recogidos. Adem\u00e1s, podr\u00e1 solicitar la portabilidad de los datos que se encuentren automatizados. En determinadas circunstancias, el usuario podr\u00e1 solicitar la limitaci\u00f3n del tratamiento de sus datos, en cuyo caso \u00fanicamente se conservar\u00e1n para el ejercicio o la defensa de reclamaciones. En determinadas circunstancias y por motivos relacionados con su situaci\u00f3n particular, el usuario podr\u00e1 oponerse al tratamiento de sus datos. SERIGRAF\u00cdA EO, S.L. cesar\u00e1 en el tratamiento de los datos, salvo por motivos leg\u00edtimos imperiosos, o el ejercicio o la defensa de posibles reclamaciones.<br \/>El Usuario podr\u00e1 plantear las cuestiones que considere en relaci\u00f3n a la presente pol\u00edtica, as\u00ed como ejercer sus derechos en los t\u00e9rminos legalmente previstos debiendo para ello dirigir una <br \/>comunicaci\u00f3n mediante correo postal a: SERIGRAF\u00cdA EO, S.L., Barrio de la Cruz, n\u00ba 20-Vilasel\u00e1n (27710-Ribadeo) o correo electr\u00f3nico a: comercial@serigrafiaeo.com con indicaci\u00f3n de la solicitud correspondiente y acompa\u00f1ado de copia del DNI o documento acreditativo de la identidad. Se facilitan a continuaci\u00f3n, los modelos para el ejercicio de los diversos derechos en Protecci\u00f3n de Datos. En caso, de que considere que sus derechos no han sido atendidos correctamente, usted podr\u00e1 presentar una reclamaci\u00f3n ante la Agencia Espa\u00f1ola de Protecci\u00f3n de Datos<\/p><h3>9. MEDIDAS DE SEGURIDAD.<\/h3><p>SERIGRAF\u00cdA EO, S.L. teniendo en cuenta la naturaleza, el \u00e1mbito el contexto y los fines del tratamiento ha procedido a implantar todas las medidas t\u00e9cnicas y organizativas para asegurar <br \/>el correcto cumplimiento de la normativa de protecci\u00f3n de datos tal y como establecen los art\u00edculos 24 y 25 del Reglamento General de Protecci\u00f3n de Datos y el art\u00edculo 28 de la Ley de <br \/>Protecci\u00f3n de Datos Personales. Igualmente, se garantiza la aplicaci\u00f3n a los tratamientos de datos de car\u00e1cter personal de las <br \/>medidas de seguridad requeridas por la normativa legal, para garantizar el cumplimiento \u00edntegro de las mismas.<\/p><h2>AVISO LEGAL<\/h2><p>Este portal, cuyo titular es SERIGRAF\u00cdA EO, S.L., est\u00e1 constituido por los sitios web asociados al dominio www.serigrafiaeo.com.<\/p><p>\u00a0<\/p><h5>I. Propiedad intelectual e industrial<\/h5><div>\u00a0<\/div><p>El dise\u00f1o del portal y sus c\u00f3digos fuente, as\u00ed como los logos, marcas y dem\u00e1s signos distintivos que aparecen en el mismo pertenecen a la propia entidad y est\u00e1n protegidos por los correspondientes derechos de propiedad intelectual e industrial.<\/p><p>\u00a0<\/p><h5>II. Responsabilidad de los contenidos<\/h5><p>\u00a0<\/p><p>La entidad no se hace responsable de la legalidad de otros sitios web de terceros desde los que pueda accederse al portal. Esta misma entidad tampoco responde por la legalidad de otros sitios web de terceros, que pudieran estar vinculados o enlazados desde este portal. De igual modo, se reserva el derecho a realizar cambios en el sitio web sin previo aviso, al objeto de mantener actualizada su informaci\u00f3n, a\u00f1adiendo, modificando, corrigiendo o eliminando los contenidos publicados o el dise\u00f1o del portal. Adem\u00e1s, la entidad no ser\u00e1 responsable del uso que terceros hagan de la informaci\u00f3n publicada en el portal, ni tampoco de los da\u00f1os sufridos o p\u00e9rdidas econ\u00f3micas que, de forma directa o indirecta, produzcan o puedan producir perjuicios econ\u00f3micos, materiales o sobre datos, provocados por el uso de dicha informaci\u00f3n.<\/p><p>\u00a0<\/p><h5>III. Reproducci\u00f3n de contenidos<\/h5><div>\u00a0<\/div><p>Se proh\u00edbe la reproducci\u00f3n total o parcial de los contenidos publicados en el portal.<br \/><br \/><\/p><h5>IV. Ley aplicable<\/h5><p><br \/>La ley aplicable en caso de disputa o conflicto de interpretaci\u00f3n de los t\u00e9rminos que conforman este aviso legal, as\u00ed como cualquier cuesti\u00f3n relacionada con los servicios del presente portal, ser\u00e1 la ley espa\u00f1ola<\/p>\t\t\t\t\t\t\t\t<\/div>\n\t\t\t\t<\/div>\n\t\t\t\t\t<\/div>\n\t\t<\/div>\n\t\t\t\t\t<\/div>\n\t\t<\/section>\n\t\t\t\t<\/div>","protected":false},"excerpt":{"rendered":"<p>Con motivo de la entrada en vigor del Reglamento General de Protecci\u00f3n de Datos 2016\/679 yla Ley Org\u00e1nica 3\/2018, de Protecci\u00f3n de Datos Personales y garant\u00eda de los derechos digitales se ha procedido a actualizar la presente pol\u00edtica de Protecci\u00f3n de Datos. A continuaci\u00f3n, se&#8230;<\/p>","protected":false},"author":1,"featured_media":0,"parent":0,"menu_order":0,"comment_status":"closed","ping_status":"closed","template":"","meta":{"_joinchat":[],"footnotes":""},"class_list":["post-3","page","type-page","status-publish","hentry"],"yoast_head":"<!-- This site is optimized with the Yoast SEO plugin v27.5 - https:\/\/yoast.com\/product\/yoast-seo-wordpress\/ -->\n<title>Pol\u00edtica de Privacidad - Serigraf\u00eda EO - Serigraf\u00eda tradicional en Ribadeo, Lugo<\/title>\n<meta name=\"robots\" content=\"index, follow, max-snippet:-1, max-image-preview:large, max-video-preview:-1\" \/>\n<link rel=\"canonical\" href=\"https:\/\/www.serigrafiaeo.com\/gl\/politica-de-prvacidad\/\" \/>\n<meta property=\"og:locale\" content=\"gl_ES\" \/>\n<meta property=\"og:type\" content=\"article\" \/>\n<meta property=\"og:title\" content=\"Pol\u00edtica de Privacidad - Serigraf\u00eda EO - Serigraf\u00eda tradicional en Ribadeo, Lugo\" \/>\n<meta property=\"og:description\" content=\"Con motivo de la entrada en vigor del Reglamento General de Protecci\u00f3n de Datos 2016\/679 yla Ley Org\u00e1nica 3\/2018, de Protecci\u00f3n de Datos Personales y garant\u00eda de los derechos digitales se ha procedido a actualizar la presente pol\u00edtica de Protecci\u00f3n de Datos. A continuaci\u00f3n, se...\" \/>\n<meta property=\"og:url\" content=\"https:\/\/www.serigrafiaeo.com\/gl\/politica-de-prvacidad\/\" \/>\n<meta property=\"og:site_name\" content=\"Serigraf\u00eda EO - Serigraf\u00eda tradicional en Ribadeo, Lugo\" \/>\n<meta property=\"article:modified_time\" content=\"2021-06-07T09:21:40+00:00\" \/>\n<meta name=\"twitter:card\" content=\"summary_large_image\" \/>\n<meta name=\"twitter:label1\" content=\"Tempo de lectura\" \/>\n\t<meta name=\"twitter:data1\" content=\"7 minutos\" \/>\n<script type=\"application\/ld+json\" class=\"yoast-schema-graph\">{\"@context\":\"https:\\\/\\\/schema.org\",\"@graph\":[{\"@type\":\"WebPage\",\"@id\":\"https:\\\/\\\/www.serigrafiaeo.com\\\/es\\\/politica-de-prvacidad\\\/\",\"url\":\"https:\\\/\\\/www.serigrafiaeo.com\\\/es\\\/politica-de-prvacidad\\\/\",\"name\":\"Pol\u00edtica de Privacidad - Serigraf\u00eda EO - Serigraf\u00eda tradicional en Ribadeo, Lugo\",\"isPartOf\":{\"@id\":\"https:\\\/\\\/www.serigrafiaeo.com\\\/es\\\/#website\"},\"datePublished\":\"2021-03-01T14:26:31+00:00\",\"dateModified\":\"2021-06-07T09:21:40+00:00\",\"breadcrumb\":{\"@id\":\"https:\\\/\\\/www.serigrafiaeo.com\\\/es\\\/politica-de-prvacidad\\\/#breadcrumb\"},\"inLanguage\":\"gl-ES\",\"potentialAction\":[{\"@type\":\"ReadAction\",\"target\":[\"https:\\\/\\\/www.serigrafiaeo.com\\\/es\\\/politica-de-prvacidad\\\/\"]}]},{\"@type\":\"BreadcrumbList\",\"@id\":\"https:\\\/\\\/www.serigrafiaeo.com\\\/es\\\/politica-de-prvacidad\\\/#breadcrumb\",\"itemListElement\":[{\"@type\":\"ListItem\",\"position\":1,\"name\":\"Portada\",\"item\":\"https:\\\/\\\/www.serigrafiaeo.com\\\/\"},{\"@type\":\"ListItem\",\"position\":2,\"name\":\"Pol\u00edtica de Privacidad\"}]},{\"@type\":\"WebSite\",\"@id\":\"https:\\\/\\\/www.serigrafiaeo.com\\\/es\\\/#website\",\"url\":\"https:\\\/\\\/www.serigrafiaeo.com\\\/es\\\/\",\"name\":\"Serigraf\u00eda EO - Serigraf\u00eda tradicional en Ribadeo, Lugo\",\"description\":\"\",\"potentialAction\":[{\"@type\":\"SearchAction\",\"target\":{\"@type\":\"EntryPoint\",\"urlTemplate\":\"https:\\\/\\\/www.serigrafiaeo.com\\\/es\\\/?s={search_term_string}\"},\"query-input\":{\"@type\":\"PropertyValueSpecification\",\"valueRequired\":true,\"valueName\":\"search_term_string\"}}],\"inLanguage\":\"gl-ES\"}]}<\/script>\n<!-- \/ Yoast SEO plugin. -->","yoast_head_json":{"title":"Pol\u00edtica de Privacidad - Serigraf\u00eda EO - Serigraf\u00eda tradicional en Ribadeo, Lugo","robots":{"index":"index","follow":"follow","max-snippet":"max-snippet:-1","max-image-preview":"max-image-preview:large","max-video-preview":"max-video-preview:-1"},"canonical":"https:\/\/www.serigrafiaeo.com\/gl\/politica-de-prvacidad\/","og_locale":"gl_ES","og_type":"article","og_title":"Pol\u00edtica de Privacidad - Serigraf\u00eda EO - Serigraf\u00eda tradicional en Ribadeo, Lugo","og_description":"Con motivo de la entrada en vigor del Reglamento General de Protecci\u00f3n de Datos 2016\/679 yla Ley Org\u00e1nica 3\/2018, de Protecci\u00f3n de Datos Personales y garant\u00eda de los derechos digitales se ha procedido a actualizar la presente pol\u00edtica de Protecci\u00f3n de Datos. A continuaci\u00f3n, se...","og_url":"https:\/\/www.serigrafiaeo.com\/gl\/politica-de-prvacidad\/","og_site_name":"Serigraf\u00eda EO - Serigraf\u00eda tradicional en Ribadeo, Lugo","article_modified_time":"2021-06-07T09:21:40+00:00","twitter_card":"summary_large_image","twitter_misc":{"Tempo de lectura":"7 minutos"},"schema":{"@context":"https:\/\/schema.org","@graph":[{"@type":"WebPage","@id":"https:\/\/www.serigrafiaeo.com\/es\/politica-de-prvacidad\/","url":"https:\/\/www.serigrafiaeo.com\/es\/politica-de-prvacidad\/","name":"Pol\u00edtica de Privacidad - Serigraf\u00eda EO - Serigraf\u00eda tradicional en Ribadeo, Lugo","isPartOf":{"@id":"https:\/\/www.serigrafiaeo.com\/es\/#website"},"datePublished":"2021-03-01T14:26:31+00:00","dateModified":"2021-06-07T09:21:40+00:00","breadcrumb":{"@id":"https:\/\/www.serigrafiaeo.com\/es\/politica-de-prvacidad\/#breadcrumb"},"inLanguage":"gl-ES","potentialAction":[{"@type":"ReadAction","target":["https:\/\/www.serigrafiaeo.com\/es\/politica-de-prvacidad\/"]}]},{"@type":"BreadcrumbList","@id":"https:\/\/www.serigrafiaeo.com\/es\/politica-de-prvacidad\/#breadcrumb","itemListElement":[{"@type":"ListItem","position":1,"name":"Portada","item":"https:\/\/www.serigrafiaeo.com\/"},{"@type":"ListItem","position":2,"name":"Pol\u00edtica de Privacidad"}]},{"@type":"WebSite","@id":"https:\/\/www.serigrafiaeo.com\/es\/#website","url":"https:\/\/www.serigrafiaeo.com\/es\/","name":"Serigraf\u00eda EO - Serigraf\u00eda tradicional en Ribadeo, Lugo","description":"","potentialAction":[{"@type":"SearchAction","target":{"@type":"EntryPoint","urlTemplate":"https:\/\/www.serigrafiaeo.com\/es\/?s={search_term_string}"},"query-input":{"@type":"PropertyValueSpecification","valueRequired":true,"valueName":"search_term_string"}}],"inLanguage":"gl-ES"}]}},"jetpack_sharing_enabled":true,"_links":{"self":[{"href":"https:\/\/www.serigrafiaeo.com\/gl\/wp-json\/wp\/v2\/pages\/3","targetHints":{"allow":["GET"]}}],"collection":[{"href":"https:\/\/www.serigrafiaeo.com\/gl\/wp-json\/wp\/v2\/pages"}],"about":[{"href":"https:\/\/www.serigrafiaeo.com\/gl\/wp-json\/wp\/v2\/types\/page"}],"author":[{"embeddable":true,"href":"https:\/\/www.serigrafiaeo.com\/gl\/wp-json\/wp\/v2\/users\/1"}],"replies":[{"embeddable":true,"href":"https:\/\/www.serigrafiaeo.com\/gl\/wp-json\/wp\/v2\/comments?post=3"}],"version-history":[{"count":8,"href":"https:\/\/www.serigrafiaeo.com\/gl\/wp-json\/wp\/v2\/pages\/3\/revisions"}],"predecessor-version":[{"id":16840,"href":"https:\/\/www.serigrafiaeo.com\/gl\/wp-json\/wp\/v2\/pages\/3\/revisions\/16840"}],"wp:attachment":[{"href":"https:\/\/www.serigrafiaeo.com\/gl\/wp-json\/wp\/v2\/media?parent=3"}],"curies":[{"name":"wp","href":"https:\/\/api.w.org\/{rel}","templated":true}]}}