{"id":16945,"date":"2021-06-25T10:35:27","date_gmt":"2021-06-25T10:35:27","guid":{"rendered":"https:\/\/serigrafiaeo.com\/?post_type=product&#038;p=16945"},"modified":"2021-10-06T22:15:59","modified_gmt":"2021-10-06T22:15:59","slug":"taza-lostrego","status":"publish","type":"product","link":"https:\/\/www.serigrafiaeo.com\/es\/producto\/taza-lostrego\/","title":{"rendered":"Taza L\u00f3strego"},"content":{"rendered":"<p>Taza especial sublimaci\u00f3n de 250 ml. Realizada aplicando la t\u00e9cnica de sublimaci\u00f3n, con tintas especiales y ecol\u00f3gicas certificadas.<\/p>\n<p>&nbsp;<\/p>\n<p><img data-recalc-dims=\"1\" decoding=\"async\" class=\"alignnone wp-image-16940 size-thumbnail\" src=\"https:\/\/i0.wp.com\/www.serigrafiaeo.com\/wp-content\/uploads\/2021\/06\/tazas.jpg?resize=150%2C150&#038;ssl=1\" alt=\"\" width=\"150\" height=\"150\" srcset=\"https:\/\/i0.wp.com\/www.serigrafiaeo.com\/wp-content\/uploads\/2021\/06\/tazas.jpg?resize=150%2C150&amp;ssl=1 150w, https:\/\/i0.wp.com\/www.serigrafiaeo.com\/wp-content\/uploads\/2021\/06\/tazas.jpg?resize=12%2C12&amp;ssl=1 12w, https:\/\/i0.wp.com\/www.serigrafiaeo.com\/wp-content\/uploads\/2021\/06\/tazas.jpg?resize=100%2C100&amp;ssl=1 100w, https:\/\/i0.wp.com\/www.serigrafiaeo.com\/wp-content\/uploads\/2021\/06\/tazas.jpg?w=227&amp;ssl=1 227w\" sizes=\"(max-width: 150px) 100vw, 150px\" \/><\/p>\n","protected":false},"excerpt":{"rendered":"<p>Taza especial sublimaci\u00f3n de 250 ml. Realizada aplicando la t\u00e9cnica de sublimaci\u00f3n, con tintas especiales y ecol\u00f3gicas certificadas. &nbsp;<\/p>\n","protected":false},"featured_media":16946,"comment_status":"open","ping_status":"closed","template":"","meta":{"_joinchat":[]},"product_brand":[],"product_cat":[114],"product_tag":[],"class_list":{"0":"post-16945","1":"product","2":"type-product","3":"status-publish","4":"has-post-thumbnail","6":"product_cat-tazas","8":"first","9":"instock","10":"shipping-taxable","11":"purchasable","12":"product-type-simple"},"yoast_head":"<!-- This site is optimized with the Yoast SEO plugin v27.3 - https:\/\/yoast.com\/product\/yoast-seo-wordpress\/ -->\n<title>Taza L\u00f3strego - Serigraf\u00eda EO - Serigraf\u00eda tradicional en Ribadeo, Lugo<\/title>\n<meta name=\"description\" content=\"Taza especial sublimaci\u00f3n de 250 ml. Realizada aplicando la t\u00e9cnica de sublimaci\u00f3n, con tintas especiales y ecol\u00f3gicas certificadas.\" \/>\n<meta name=\"robots\" content=\"index, follow, max-snippet:-1, max-image-preview:large, max-video-preview:-1\" \/>\n<link rel=\"canonical\" href=\"https:\/\/www.serigrafiaeo.com\/es\/produto\/taza-lostrego\/\" \/>\n<meta property=\"og:locale\" content=\"es_ES\" \/>\n<meta property=\"og:type\" content=\"article\" \/>\n<meta property=\"og:title\" content=\"Taza L\u00f3strego - Serigraf\u00eda EO - Serigraf\u00eda tradicional en Ribadeo, Lugo\" \/>\n<meta property=\"og:description\" content=\"Taza especial sublimaci\u00f3n de 250 ml. Realizada aplicando la t\u00e9cnica de sublimaci\u00f3n, con tintas especiales y ecol\u00f3gicas certificadas.\" \/>\n<meta property=\"og:url\" content=\"https:\/\/www.serigrafiaeo.com\/es\/produto\/taza-lostrego\/\" \/>\n<meta property=\"og:site_name\" content=\"Serigraf\u00eda EO - Serigraf\u00eda tradicional en Ribadeo, Lugo\" \/>\n<meta property=\"article:modified_time\" content=\"2021-10-06T22:15:59+00:00\" \/>\n<meta property=\"og:image\" content=\"https:\/\/i0.wp.com\/serigrafiaeo.com\/wp-content\/uploads\/2021\/06\/1-dibujo-LOSTREGO-taza.jpg?fit=2094%2C971&ssl=1\" \/>\n\t<meta property=\"og:image:width\" content=\"2094\" \/>\n\t<meta property=\"og:image:height\" content=\"971\" \/>\n\t<meta property=\"og:image:type\" content=\"image\/jpeg\" \/>\n<meta name=\"twitter:card\" content=\"summary_large_image\" \/>\n<meta name=\"twitter:label1\" content=\"Tiempo de lectura\" \/>\n\t<meta name=\"twitter:data1\" content=\"1 minuto\" \/>\n<script type=\"application\/ld+json\" class=\"yoast-schema-graph\">{\"@context\":\"https:\\\/\\\/schema.org\",\"@graph\":[{\"@type\":\"WebPage\",\"@id\":\"https:\\\/\\\/www.serigrafiaeo.com\\\/gl\\\/produto\\\/taza-lostrego\\\/\",\"url\":\"https:\\\/\\\/www.serigrafiaeo.com\\\/gl\\\/produto\\\/taza-lostrego\\\/\",\"name\":\"Taza L\u00f3strego - Serigraf\u00eda EO - Serigraf\u00eda tradicional en Ribadeo, Lugo\",\"isPartOf\":{\"@id\":\"https:\\\/\\\/www.serigrafiaeo.com\\\/es\\\/#website\"},\"primaryImageOfPage\":{\"@id\":\"https:\\\/\\\/www.serigrafiaeo.com\\\/gl\\\/produto\\\/taza-lostrego\\\/#primaryimage\"},\"image\":{\"@id\":\"https:\\\/\\\/www.serigrafiaeo.com\\\/gl\\\/produto\\\/taza-lostrego\\\/#primaryimage\"},\"thumbnailUrl\":\"https:\\\/\\\/i0.wp.com\\\/www.serigrafiaeo.com\\\/wp-content\\\/uploads\\\/2021\\\/06\\\/1-dibujo-LOSTREGO-taza.jpg?fit=2094%2C971&ssl=1\",\"datePublished\":\"2021-06-25T10:35:27+00:00\",\"dateModified\":\"2021-10-06T22:15:59+00:00\",\"description\":\"Taza especial sublimaci\u00f3n de 250 ml. Realizada aplicando la t\u00e9cnica de sublimaci\u00f3n, con tintas especiales y ecol\u00f3gicas certificadas.\",\"breadcrumb\":{\"@id\":\"https:\\\/\\\/www.serigrafiaeo.com\\\/gl\\\/produto\\\/taza-lostrego\\\/#breadcrumb\"},\"inLanguage\":\"es\",\"potentialAction\":[{\"@type\":\"ReadAction\",\"target\":[\"https:\\\/\\\/www.serigrafiaeo.com\\\/gl\\\/produto\\\/taza-lostrego\\\/\"]}]},{\"@type\":\"ImageObject\",\"inLanguage\":\"es\",\"@id\":\"https:\\\/\\\/www.serigrafiaeo.com\\\/gl\\\/produto\\\/taza-lostrego\\\/#primaryimage\",\"url\":\"https:\\\/\\\/i0.wp.com\\\/www.serigrafiaeo.com\\\/wp-content\\\/uploads\\\/2021\\\/06\\\/1-dibujo-LOSTREGO-taza.jpg?fit=2094%2C971&ssl=1\",\"contentUrl\":\"https:\\\/\\\/i0.wp.com\\\/www.serigrafiaeo.com\\\/wp-content\\\/uploads\\\/2021\\\/06\\\/1-dibujo-LOSTREGO-taza.jpg?fit=2094%2C971&ssl=1\",\"width\":2094,\"height\":971},{\"@type\":\"BreadcrumbList\",\"@id\":\"https:\\\/\\\/www.serigrafiaeo.com\\\/gl\\\/produto\\\/taza-lostrego\\\/#breadcrumb\",\"itemListElement\":[{\"@type\":\"ListItem\",\"position\":1,\"name\":\"Portada\",\"item\":\"https:\\\/\\\/www.serigrafiaeo.com\\\/\"},{\"@type\":\"ListItem\",\"position\":2,\"name\":\"Tienda\",\"item\":\"https:\\\/\\\/www.serigrafiaeo.com\\\/tienda\\\/\"},{\"@type\":\"ListItem\",\"position\":3,\"name\":\"Taza L\u00f3strego\"}]},{\"@type\":\"WebSite\",\"@id\":\"https:\\\/\\\/www.serigrafiaeo.com\\\/es\\\/#website\",\"url\":\"https:\\\/\\\/www.serigrafiaeo.com\\\/es\\\/\",\"name\":\"Serigraf\u00eda EO - Serigraf\u00eda tradicional en Ribadeo, Lugo\",\"description\":\"\",\"potentialAction\":[{\"@type\":\"SearchAction\",\"target\":{\"@type\":\"EntryPoint\",\"urlTemplate\":\"https:\\\/\\\/www.serigrafiaeo.com\\\/es\\\/?s={search_term_string}\"},\"query-input\":{\"@type\":\"PropertyValueSpecification\",\"valueRequired\":true,\"valueName\":\"search_term_string\"}}],\"inLanguage\":\"es\"}]}<\/script>\n<!-- \/ Yoast SEO plugin. -->","yoast_head_json":{"title":"Taza L\u00f3strego - Serigraf\u00eda EO - Serigraf\u00eda tradicional en Ribadeo, Lugo","description":"Taza especial sublimaci\u00f3n de 250 ml. Realizada aplicando la t\u00e9cnica de sublimaci\u00f3n, con tintas especiales y ecol\u00f3gicas certificadas.","robots":{"index":"index","follow":"follow","max-snippet":"max-snippet:-1","max-image-preview":"max-image-preview:large","max-video-preview":"max-video-preview:-1"},"canonical":"https:\/\/www.serigrafiaeo.com\/es\/produto\/taza-lostrego\/","og_locale":"es_ES","og_type":"article","og_title":"Taza L\u00f3strego - Serigraf\u00eda EO - Serigraf\u00eda tradicional en Ribadeo, Lugo","og_description":"Taza especial sublimaci\u00f3n de 250 ml. Realizada aplicando la t\u00e9cnica de sublimaci\u00f3n, con tintas especiales y ecol\u00f3gicas certificadas.","og_url":"https:\/\/www.serigrafiaeo.com\/es\/produto\/taza-lostrego\/","og_site_name":"Serigraf\u00eda EO - Serigraf\u00eda tradicional en Ribadeo, Lugo","article_modified_time":"2021-10-06T22:15:59+00:00","og_image":[{"width":2094,"height":971,"url":"https:\/\/i0.wp.com\/serigrafiaeo.com\/wp-content\/uploads\/2021\/06\/1-dibujo-LOSTREGO-taza.jpg?fit=2094%2C971&ssl=1","type":"image\/jpeg"}],"twitter_card":"summary_large_image","twitter_misc":{"Tiempo de lectura":"1 minuto"},"schema":{"@context":"https:\/\/schema.org","@graph":[{"@type":"WebPage","@id":"https:\/\/www.serigrafiaeo.com\/gl\/produto\/taza-lostrego\/","url":"https:\/\/www.serigrafiaeo.com\/gl\/produto\/taza-lostrego\/","name":"Taza L\u00f3strego - Serigraf\u00eda EO - Serigraf\u00eda tradicional en Ribadeo, Lugo","isPartOf":{"@id":"https:\/\/www.serigrafiaeo.com\/es\/#website"},"primaryImageOfPage":{"@id":"https:\/\/www.serigrafiaeo.com\/gl\/produto\/taza-lostrego\/#primaryimage"},"image":{"@id":"https:\/\/www.serigrafiaeo.com\/gl\/produto\/taza-lostrego\/#primaryimage"},"thumbnailUrl":"https:\/\/i0.wp.com\/www.serigrafiaeo.com\/wp-content\/uploads\/2021\/06\/1-dibujo-LOSTREGO-taza.jpg?fit=2094%2C971&ssl=1","datePublished":"2021-06-25T10:35:27+00:00","dateModified":"2021-10-06T22:15:59+00:00","description":"Taza especial sublimaci\u00f3n de 250 ml. Realizada aplicando la t\u00e9cnica de sublimaci\u00f3n, con tintas especiales y ecol\u00f3gicas certificadas.","breadcrumb":{"@id":"https:\/\/www.serigrafiaeo.com\/gl\/produto\/taza-lostrego\/#breadcrumb"},"inLanguage":"es","potentialAction":[{"@type":"ReadAction","target":["https:\/\/www.serigrafiaeo.com\/gl\/produto\/taza-lostrego\/"]}]},{"@type":"ImageObject","inLanguage":"es","@id":"https:\/\/www.serigrafiaeo.com\/gl\/produto\/taza-lostrego\/#primaryimage","url":"https:\/\/i0.wp.com\/www.serigrafiaeo.com\/wp-content\/uploads\/2021\/06\/1-dibujo-LOSTREGO-taza.jpg?fit=2094%2C971&ssl=1","contentUrl":"https:\/\/i0.wp.com\/www.serigrafiaeo.com\/wp-content\/uploads\/2021\/06\/1-dibujo-LOSTREGO-taza.jpg?fit=2094%2C971&ssl=1","width":2094,"height":971},{"@type":"BreadcrumbList","@id":"https:\/\/www.serigrafiaeo.com\/gl\/produto\/taza-lostrego\/#breadcrumb","itemListElement":[{"@type":"ListItem","position":1,"name":"Portada","item":"https:\/\/www.serigrafiaeo.com\/"},{"@type":"ListItem","position":2,"name":"Tienda","item":"https:\/\/www.serigrafiaeo.com\/tienda\/"},{"@type":"ListItem","position":3,"name":"Taza L\u00f3strego"}]},{"@type":"WebSite","@id":"https:\/\/www.serigrafiaeo.com\/es\/#website","url":"https:\/\/www.serigrafiaeo.com\/es\/","name":"Serigraf\u00eda EO - Serigraf\u00eda tradicional en Ribadeo, Lugo","description":"","potentialAction":[{"@type":"SearchAction","target":{"@type":"EntryPoint","urlTemplate":"https:\/\/www.serigrafiaeo.com\/es\/?s={search_term_string}"},"query-input":{"@type":"PropertyValueSpecification","valueRequired":true,"valueName":"search_term_string"}}],"inLanguage":"es"}]}},"jetpack_sharing_enabled":true,"_links":{"self":[{"href":"https:\/\/www.serigrafiaeo.com\/es\/wp-json\/wp\/v2\/product\/16945","targetHints":{"allow":["GET"]}}],"collection":[{"href":"https:\/\/www.serigrafiaeo.com\/es\/wp-json\/wp\/v2\/product"}],"about":[{"href":"https:\/\/www.serigrafiaeo.com\/es\/wp-json\/wp\/v2\/types\/product"}],"replies":[{"embeddable":true,"href":"https:\/\/www.serigrafiaeo.com\/es\/wp-json\/wp\/v2\/comments?post=16945"}],"wp:featuredmedia":[{"embeddable":true,"href":"https:\/\/www.serigrafiaeo.com\/es\/wp-json\/wp\/v2\/media\/16946"}],"wp:attachment":[{"href":"https:\/\/www.serigrafiaeo.com\/es\/wp-json\/wp\/v2\/media?parent=16945"}],"wp:term":[{"taxonomy":"product_brand","embeddable":true,"href":"https:\/\/www.serigrafiaeo.com\/es\/wp-json\/wp\/v2\/product_brand?post=16945"},{"taxonomy":"product_cat","embeddable":true,"href":"https:\/\/www.serigrafiaeo.com\/es\/wp-json\/wp\/v2\/product_cat?post=16945"},{"taxonomy":"product_tag","embeddable":true,"href":"https:\/\/www.serigrafiaeo.com\/es\/wp-json\/wp\/v2\/product_tag?post=16945"}],"curies":[{"name":"wp","href":"https:\/\/api.w.org\/{rel}","templated":true}]}}