{"id":16519,"date":"2021-03-18T09:44:15","date_gmt":"2021-03-18T09:44:15","guid":{"rendered":"https:\/\/serigrafiaeo.com\/?post_type=product&#038;p=16519"},"modified":"2021-10-06T22:12:43","modified_gmt":"2021-10-06T22:12:43","slug":"camiseta-carrizo-muller","status":"publish","type":"product","link":"https:\/\/www.serigrafiaeo.com\/es\/producto\/camiseta-carrizo-muller\/","title":{"rendered":"Camiseta Carrizo Mujer"},"content":{"rendered":"<p>Camiseta de algod\u00f3n 100% org\u00e1nico, con 165gr. Modelo unisex, mujer y ni\u00f1os. Realizada en impresi\u00f3n digital con tintas ecol\u00f3gicas totalmente comprometidas con el medio ambiente<\/p>\n<p>&nbsp;<\/p>\n<p><img data-recalc-dims=\"1\" decoding=\"async\" class=\"alignnone wp-image-16934 size-thumbnail\" src=\"https:\/\/i0.wp.com\/www.serigrafiaeo.com\/wp-content\/uploads\/2021\/03\/camiseta1.png?resize=150%2C150&#038;ssl=1\" alt=\"\" width=\"150\" height=\"150\" srcset=\"https:\/\/i0.wp.com\/www.serigrafiaeo.com\/wp-content\/uploads\/2021\/03\/camiseta1.png?resize=150%2C150&amp;ssl=1 150w, https:\/\/i0.wp.com\/www.serigrafiaeo.com\/wp-content\/uploads\/2021\/03\/camiseta1.png?resize=300%2C300&amp;ssl=1 300w, https:\/\/i0.wp.com\/www.serigrafiaeo.com\/wp-content\/uploads\/2021\/03\/camiseta1.png?resize=12%2C12&amp;ssl=1 12w, https:\/\/i0.wp.com\/www.serigrafiaeo.com\/wp-content\/uploads\/2021\/03\/camiseta1.png?resize=100%2C100&amp;ssl=1 100w, https:\/\/i0.wp.com\/www.serigrafiaeo.com\/wp-content\/uploads\/2021\/03\/camiseta1.png?w=387&amp;ssl=1 387w\" sizes=\"(max-width: 150px) 100vw, 150px\" \/> \u00a0<img data-recalc-dims=\"1\" decoding=\"async\" class=\"alignnone wp-image-16933 size-thumbnail\" src=\"https:\/\/i0.wp.com\/www.serigrafiaeo.com\/wp-content\/uploads\/2021\/03\/camiseta-2.png?resize=150%2C150&#038;ssl=1\" alt=\"\" width=\"150\" height=\"150\" srcset=\"https:\/\/i0.wp.com\/www.serigrafiaeo.com\/wp-content\/uploads\/2021\/03\/camiseta-2.png?resize=150%2C150&amp;ssl=1 150w, https:\/\/i0.wp.com\/www.serigrafiaeo.com\/wp-content\/uploads\/2021\/03\/camiseta-2.png?resize=300%2C300&amp;ssl=1 300w, https:\/\/i0.wp.com\/www.serigrafiaeo.com\/wp-content\/uploads\/2021\/03\/camiseta-2.png?resize=12%2C12&amp;ssl=1 12w, https:\/\/i0.wp.com\/www.serigrafiaeo.com\/wp-content\/uploads\/2021\/03\/camiseta-2.png?resize=100%2C100&amp;ssl=1 100w, https:\/\/i0.wp.com\/www.serigrafiaeo.com\/wp-content\/uploads\/2021\/03\/camiseta-2.png?w=362&amp;ssl=1 362w\" sizes=\"(max-width: 150px) 100vw, 150px\" \/><\/p>\n","protected":false},"excerpt":{"rendered":"<p>Camiseta de algod\u00f3n 100% org\u00e1nico, con 165gr. Modelo unisex, mujer y ni\u00f1os. Realizada en impresi\u00f3n digital con tintas ecol\u00f3gicas totalmente comprometidas con el medio ambiente &nbsp; \u00a0<\/p>\n","protected":false},"featured_media":17235,"comment_status":"open","ping_status":"closed","template":"","meta":{"_joinchat":[]},"product_brand":[],"product_cat":[113,137],"product_tag":[115,122],"class_list":{"0":"post-16519","1":"product","2":"type-product","3":"status-publish","4":"has-post-thumbnail","6":"product_cat-camisetas","7":"product_cat-camisetas-mujer","8":"product_tag-carrizo","9":"product_tag-mujer","11":"first","12":"instock","13":"shipping-taxable","14":"purchasable","15":"product-type-simple"},"yoast_head":"<!-- This site is optimized with the Yoast SEO plugin v27.4 - https:\/\/yoast.com\/product\/yoast-seo-wordpress\/ -->\n<title>Camiseta Carrizo Mujer - Serigraf\u00eda EO - Serigraf\u00eda tradicional en Ribadeo, Lugo<\/title>\n<meta name=\"description\" content=\"Camisetas serigrafiadas de nuestra marca Serigrafia EO\" \/>\n<meta name=\"robots\" content=\"index, follow, max-snippet:-1, max-image-preview:large, max-video-preview:-1\" \/>\n<link rel=\"canonical\" href=\"https:\/\/www.serigrafiaeo.com\/es\/produto\/camiseta-carrizo-muller\/\" \/>\n<meta property=\"og:locale\" content=\"es_ES\" \/>\n<meta property=\"og:type\" content=\"article\" \/>\n<meta property=\"og:title\" content=\"Camiseta Carrizo Mujer - Serigraf\u00eda EO - Serigraf\u00eda tradicional en Ribadeo, Lugo\" \/>\n<meta property=\"og:description\" content=\"Camisetas serigrafiadas de nuestra marca Serigrafia EO\" \/>\n<meta property=\"og:url\" content=\"https:\/\/www.serigrafiaeo.com\/es\/produto\/camiseta-carrizo-muller\/\" \/>\n<meta property=\"og:site_name\" content=\"Serigraf\u00eda EO - Serigraf\u00eda tradicional en Ribadeo, Lugo\" \/>\n<meta property=\"article:modified_time\" content=\"2021-10-06T22:12:43+00:00\" \/>\n<meta property=\"og:image\" content=\"https:\/\/i0.wp.com\/serigrafiaeo.com\/wp-content\/uploads\/2021\/03\/1-Carrizo-delante-camiseta-mujer.jpg?fit=1281%2C1708&ssl=1\" \/>\n\t<meta property=\"og:image:width\" content=\"1281\" \/>\n\t<meta property=\"og:image:height\" content=\"1708\" \/>\n\t<meta property=\"og:image:type\" content=\"image\/jpeg\" \/>\n<meta name=\"twitter:card\" content=\"summary_large_image\" \/>\n<script type=\"application\/ld+json\" class=\"yoast-schema-graph\">{\"@context\":\"https:\\\/\\\/schema.org\",\"@graph\":[{\"@type\":\"WebPage\",\"@id\":\"https:\\\/\\\/www.serigrafiaeo.com\\\/gl\\\/produto\\\/camiseta-carrizo-muller\\\/\",\"url\":\"https:\\\/\\\/www.serigrafiaeo.com\\\/gl\\\/produto\\\/camiseta-carrizo-muller\\\/\",\"name\":\"Camiseta Carrizo Mujer - Serigraf\u00eda EO - Serigraf\u00eda tradicional en Ribadeo, Lugo\",\"isPartOf\":{\"@id\":\"https:\\\/\\\/www.serigrafiaeo.com\\\/es\\\/#website\"},\"primaryImageOfPage\":{\"@id\":\"https:\\\/\\\/www.serigrafiaeo.com\\\/gl\\\/produto\\\/camiseta-carrizo-muller\\\/#primaryimage\"},\"image\":{\"@id\":\"https:\\\/\\\/www.serigrafiaeo.com\\\/gl\\\/produto\\\/camiseta-carrizo-muller\\\/#primaryimage\"},\"thumbnailUrl\":\"https:\\\/\\\/i0.wp.com\\\/www.serigrafiaeo.com\\\/wp-content\\\/uploads\\\/2021\\\/03\\\/1-Carrizo-delante-camiseta-mujer.jpg?fit=1281%2C1708&ssl=1\",\"datePublished\":\"2021-03-18T09:44:15+00:00\",\"dateModified\":\"2021-10-06T22:12:43+00:00\",\"description\":\"Camisetas serigrafiadas de nuestra marca Serigrafia EO\",\"breadcrumb\":{\"@id\":\"https:\\\/\\\/www.serigrafiaeo.com\\\/gl\\\/produto\\\/camiseta-carrizo-muller\\\/#breadcrumb\"},\"inLanguage\":\"es\",\"potentialAction\":[{\"@type\":\"ReadAction\",\"target\":[\"https:\\\/\\\/www.serigrafiaeo.com\\\/gl\\\/produto\\\/camiseta-carrizo-muller\\\/\"]}]},{\"@type\":\"ImageObject\",\"inLanguage\":\"es\",\"@id\":\"https:\\\/\\\/www.serigrafiaeo.com\\\/gl\\\/produto\\\/camiseta-carrizo-muller\\\/#primaryimage\",\"url\":\"https:\\\/\\\/i0.wp.com\\\/www.serigrafiaeo.com\\\/wp-content\\\/uploads\\\/2021\\\/03\\\/1-Carrizo-delante-camiseta-mujer.jpg?fit=1281%2C1708&ssl=1\",\"contentUrl\":\"https:\\\/\\\/i0.wp.com\\\/www.serigrafiaeo.com\\\/wp-content\\\/uploads\\\/2021\\\/03\\\/1-Carrizo-delante-camiseta-mujer.jpg?fit=1281%2C1708&ssl=1\",\"width\":1281,\"height\":1708},{\"@type\":\"BreadcrumbList\",\"@id\":\"https:\\\/\\\/www.serigrafiaeo.com\\\/gl\\\/produto\\\/camiseta-carrizo-muller\\\/#breadcrumb\",\"itemListElement\":[{\"@type\":\"ListItem\",\"position\":1,\"name\":\"Portada\",\"item\":\"https:\\\/\\\/www.serigrafiaeo.com\\\/\"},{\"@type\":\"ListItem\",\"position\":2,\"name\":\"Tienda\",\"item\":\"https:\\\/\\\/www.serigrafiaeo.com\\\/tienda\\\/\"},{\"@type\":\"ListItem\",\"position\":3,\"name\":\"Camiseta Carrizo Mujer\"}]},{\"@type\":\"WebSite\",\"@id\":\"https:\\\/\\\/www.serigrafiaeo.com\\\/es\\\/#website\",\"url\":\"https:\\\/\\\/www.serigrafiaeo.com\\\/es\\\/\",\"name\":\"Serigraf\u00eda EO - Serigraf\u00eda tradicional en Ribadeo, Lugo\",\"description\":\"\",\"potentialAction\":[{\"@type\":\"SearchAction\",\"target\":{\"@type\":\"EntryPoint\",\"urlTemplate\":\"https:\\\/\\\/www.serigrafiaeo.com\\\/es\\\/?s={search_term_string}\"},\"query-input\":{\"@type\":\"PropertyValueSpecification\",\"valueRequired\":true,\"valueName\":\"search_term_string\"}}],\"inLanguage\":\"es\"}]}<\/script>\n<!-- \/ Yoast SEO plugin. -->","yoast_head_json":{"title":"Camiseta Carrizo Mujer - Serigraf\u00eda EO - Serigraf\u00eda tradicional en Ribadeo, Lugo","description":"Camisetas serigrafiadas de nuestra marca Serigrafia EO","robots":{"index":"index","follow":"follow","max-snippet":"max-snippet:-1","max-image-preview":"max-image-preview:large","max-video-preview":"max-video-preview:-1"},"canonical":"https:\/\/www.serigrafiaeo.com\/es\/produto\/camiseta-carrizo-muller\/","og_locale":"es_ES","og_type":"article","og_title":"Camiseta Carrizo Mujer - Serigraf\u00eda EO - Serigraf\u00eda tradicional en Ribadeo, Lugo","og_description":"Camisetas serigrafiadas de nuestra marca Serigrafia EO","og_url":"https:\/\/www.serigrafiaeo.com\/es\/produto\/camiseta-carrizo-muller\/","og_site_name":"Serigraf\u00eda EO - Serigraf\u00eda tradicional en Ribadeo, Lugo","article_modified_time":"2021-10-06T22:12:43+00:00","og_image":[{"width":1281,"height":1708,"url":"https:\/\/i0.wp.com\/serigrafiaeo.com\/wp-content\/uploads\/2021\/03\/1-Carrizo-delante-camiseta-mujer.jpg?fit=1281%2C1708&ssl=1","type":"image\/jpeg"}],"twitter_card":"summary_large_image","schema":{"@context":"https:\/\/schema.org","@graph":[{"@type":"WebPage","@id":"https:\/\/www.serigrafiaeo.com\/gl\/produto\/camiseta-carrizo-muller\/","url":"https:\/\/www.serigrafiaeo.com\/gl\/produto\/camiseta-carrizo-muller\/","name":"Camiseta Carrizo Mujer - Serigraf\u00eda EO - Serigraf\u00eda tradicional en Ribadeo, Lugo","isPartOf":{"@id":"https:\/\/www.serigrafiaeo.com\/es\/#website"},"primaryImageOfPage":{"@id":"https:\/\/www.serigrafiaeo.com\/gl\/produto\/camiseta-carrizo-muller\/#primaryimage"},"image":{"@id":"https:\/\/www.serigrafiaeo.com\/gl\/produto\/camiseta-carrizo-muller\/#primaryimage"},"thumbnailUrl":"https:\/\/i0.wp.com\/www.serigrafiaeo.com\/wp-content\/uploads\/2021\/03\/1-Carrizo-delante-camiseta-mujer.jpg?fit=1281%2C1708&ssl=1","datePublished":"2021-03-18T09:44:15+00:00","dateModified":"2021-10-06T22:12:43+00:00","description":"Camisetas serigrafiadas de nuestra marca Serigrafia EO","breadcrumb":{"@id":"https:\/\/www.serigrafiaeo.com\/gl\/produto\/camiseta-carrizo-muller\/#breadcrumb"},"inLanguage":"es","potentialAction":[{"@type":"ReadAction","target":["https:\/\/www.serigrafiaeo.com\/gl\/produto\/camiseta-carrizo-muller\/"]}]},{"@type":"ImageObject","inLanguage":"es","@id":"https:\/\/www.serigrafiaeo.com\/gl\/produto\/camiseta-carrizo-muller\/#primaryimage","url":"https:\/\/i0.wp.com\/www.serigrafiaeo.com\/wp-content\/uploads\/2021\/03\/1-Carrizo-delante-camiseta-mujer.jpg?fit=1281%2C1708&ssl=1","contentUrl":"https:\/\/i0.wp.com\/www.serigrafiaeo.com\/wp-content\/uploads\/2021\/03\/1-Carrizo-delante-camiseta-mujer.jpg?fit=1281%2C1708&ssl=1","width":1281,"height":1708},{"@type":"BreadcrumbList","@id":"https:\/\/www.serigrafiaeo.com\/gl\/produto\/camiseta-carrizo-muller\/#breadcrumb","itemListElement":[{"@type":"ListItem","position":1,"name":"Portada","item":"https:\/\/www.serigrafiaeo.com\/"},{"@type":"ListItem","position":2,"name":"Tienda","item":"https:\/\/www.serigrafiaeo.com\/tienda\/"},{"@type":"ListItem","position":3,"name":"Camiseta Carrizo Mujer"}]},{"@type":"WebSite","@id":"https:\/\/www.serigrafiaeo.com\/es\/#website","url":"https:\/\/www.serigrafiaeo.com\/es\/","name":"Serigraf\u00eda EO - Serigraf\u00eda tradicional en Ribadeo, Lugo","description":"","potentialAction":[{"@type":"SearchAction","target":{"@type":"EntryPoint","urlTemplate":"https:\/\/www.serigrafiaeo.com\/es\/?s={search_term_string}"},"query-input":{"@type":"PropertyValueSpecification","valueRequired":true,"valueName":"search_term_string"}}],"inLanguage":"es"}]}},"jetpack_sharing_enabled":true,"_links":{"self":[{"href":"https:\/\/www.serigrafiaeo.com\/es\/wp-json\/wp\/v2\/product\/16519","targetHints":{"allow":["GET"]}}],"collection":[{"href":"https:\/\/www.serigrafiaeo.com\/es\/wp-json\/wp\/v2\/product"}],"about":[{"href":"https:\/\/www.serigrafiaeo.com\/es\/wp-json\/wp\/v2\/types\/product"}],"replies":[{"embeddable":true,"href":"https:\/\/www.serigrafiaeo.com\/es\/wp-json\/wp\/v2\/comments?post=16519"}],"wp:featuredmedia":[{"embeddable":true,"href":"https:\/\/www.serigrafiaeo.com\/es\/wp-json\/wp\/v2\/media\/17235"}],"wp:attachment":[{"href":"https:\/\/www.serigrafiaeo.com\/es\/wp-json\/wp\/v2\/media?parent=16519"}],"wp:term":[{"taxonomy":"product_brand","embeddable":true,"href":"https:\/\/www.serigrafiaeo.com\/es\/wp-json\/wp\/v2\/product_brand?post=16519"},{"taxonomy":"product_cat","embeddable":true,"href":"https:\/\/www.serigrafiaeo.com\/es\/wp-json\/wp\/v2\/product_cat?post=16519"},{"taxonomy":"product_tag","embeddable":true,"href":"https:\/\/www.serigrafiaeo.com\/es\/wp-json\/wp\/v2\/product_tag?post=16519"}],"curies":[{"name":"wp","href":"https:\/\/api.w.org\/{rel}","templated":true}]}}