{"id":16912,"date":"2021-06-23T12:10:43","date_gmt":"2021-06-23T12:10:43","guid":{"rendered":"https:\/\/serigrafiaeo.com\/?page_id=16912"},"modified":"2021-06-29T09:52:41","modified_gmt":"2021-06-29T09:52:41","slug":"tenda","status":"publish","type":"page","link":"https:\/\/www.serigrafiaeo.com\/es\/tenda\/","title":{"rendered":"Tienda"},"content":{"rendered":"\t\t<div data-elementor-type=\"wp-page\" data-elementor-id=\"16912\" class=\"elementor elementor-16912\">\n\t\t\t\t\t\t<section class=\"elementor-section elementor-top-section elementor-element elementor-element-7753d23 elementor-section-full_width elementor-section-height-default elementor-section-height-default parallax_section_no qode_elementor_container_no\" data-id=\"7753d23\" data-element_type=\"section\" data-e-type=\"section\">\n\t\t\t\t\t\t<div class=\"elementor-container elementor-column-gap-no\">\n\t\t\t\t\t<div class=\"elementor-column elementor-col-100 elementor-top-column elementor-element elementor-element-7abe43e\" data-id=\"7abe43e\" data-element_type=\"column\" data-e-type=\"column\">\n\t\t\t<div class=\"elementor-widget-wrap elementor-element-populated\">\n\t\t\t\t\t\t<div class=\"elementor-element elementor-element-9d5ec89 elementor-widget elementor-widget-slider_revolution\" data-id=\"9d5ec89\" data-element_type=\"widget\" data-e-type=\"widget\" data-widget_type=\"slider_revolution.default\">\n\t\t\t\t<div class=\"elementor-widget-container\">\n\t\t\t\t\t\n\t\t<div class=\"wp-block-themepunch-revslider\">\n\t\t\t<!-- START Tienda REVOLUTION SLIDER 6.6.20 --><p class=\"rs-p-wp-fix\"><\/p>\n\t\t\t<rs-module-wrap id=\"rev_slider_1_1_wrapper\" data-source=\"gallery\" style=\"visibility:hidden;background:transparent;padding:0;margin:0px auto;margin-top:0;margin-bottom:0;\">\n\t\t\t\t<rs-module id=\"rev_slider_1_1\" style=\"\" data-version=\"6.6.20\">\n\t\t\t\t\t<rs-slides style=\"overflow: hidden; position: absolute;\">\n\t\t\t\t\t\t<rs-slide style=\"position: absolute;\" data-key=\"rs-1\" data-title=\"Slide\"data-sba=\"f:true;\" data-anim=\"adpr:false;\" data-in=\"o:0;\" data-out=\"a:false;\">\n\t\t\t\t\t\t\t<img data-recalc-dims=\"1\" fetchpriority=\"high\" decoding=\"async\" src=\"https:\/\/i0.wp.com\/www.serigrafiaeo.com\/wp-content\/plugins\/revslider\/public\/assets\/assets\/dummy.png?resize=1060%2C714\" alt=\"\" title=\"camisetas eo foto camiseta unixes y ecologica\" width=\"1060\" height=\"714\" class=\"rev-slidebg tp-rs-img rs-lazyload\" data-lazyload=\"\/\/www.serigrafiaeo.com\/wp-content\/uploads\/2021\/05\/camisetas-eo-foto-camiseta-unixes-y-ecologica-scaled.jpg\" data-parallax=\"2\" data-no-retina>\n<!--\n\t\t\t\t\t\t\t--><rs-layer\n\t\t\t\t\t\t\t\tid=\"slider-1-slide-1-layer-0\" \n\t\t\t\t\t\t\t\tdata-type=\"text\"\n\t\t\t\t\t\t\t\tdata-color=\"#42bf4d\"\n\t\t\t\t\t\t\t\tdata-bsh=\"v:10px;b:10px;\"\n\t\t\t\t\t\t\t\tdata-tsh=\"c:rgba(0,0,0,0.75);v:10px;b:10px;\"\n\t\t\t\t\t\t\t\tdata-rsp_ch=\"on\"\n\t\t\t\t\t\t\t\tdata-xy=\"x:c;y:c;\"\n\t\t\t\t\t\t\t\tdata-text=\"w:normal;s:100;l:110;ls:-6;fw:100;\"\n\t\t\t\t\t\t\t\tdata-dim=\"minh:0px;\"\n\t\t\t\t\t\t\t\tdata-frame_999=\"o:0;st:w;\"\n\t\t\t\t\t\t\t\tstyle=\"z-index:5;background-color:#d3d3d3;font-family:'Montserrat';\"\n\t\t\t\t\t\t\t>Nuestros Productos \n\t\t\t\t\t\t\t<\/rs-layer><!--\n-->\t\t\t\t\t\t<\/rs-slide>\n\t\t\t\t\t<\/rs-slides>\n\t\t\t\t<\/rs-module>\n\t\t\t\t<script>\n\t\t\t\t\tsetREVStartSize({c: 'rev_slider_1_1',rl:[1240,1024,778,480],el:[400],gw:[1240],gh:[400],type:'hero',justify:'',layout:'fullwidth',mh:\"0\"});if (window.RS_MODULES!==undefined && window.RS_MODULES.modules!==undefined && window.RS_MODULES.modules[\"revslider11\"]!==undefined) {window.RS_MODULES.modules[\"revslider11\"].once = false;window.revapi1 = undefined;if (window.RS_MODULES.checkMinimal!==undefined) window.RS_MODULES.checkMinimal()}\n\t\t\t\t<\/script>\n\t\t\t<\/rs-module-wrap>\n\t\t\t<!-- END REVOLUTION SLIDER -->\n<\/div>\n\n\t\t\t\t\t\t<\/div>\n\t\t\t\t<\/div>\n\t\t\t\t\t<\/div>\n\t\t<\/div>\n\t\t\t\t\t<\/div>\n\t\t<\/section>\n\t\t\t\t<section class=\"elementor-section elementor-top-section elementor-element elementor-element-e3fc116 elementor-section-boxed elementor-section-height-default elementor-section-height-default parallax_section_no qode_elementor_container_no\" data-id=\"e3fc116\" data-element_type=\"section\" data-e-type=\"section\">\n\t\t\t\t\t\t<div class=\"elementor-container elementor-column-gap-default\">\n\t\t\t\t\t<div class=\"elementor-column elementor-col-100 elementor-top-column elementor-element elementor-element-dc4c763\" data-id=\"dc4c763\" data-element_type=\"column\" data-e-type=\"column\">\n\t\t\t<div class=\"elementor-widget-wrap elementor-element-populated\">\n\t\t\t\t\t\t<div class=\"elementor-element elementor-element-da2b91c elementor-widget elementor-widget-heading\" data-id=\"da2b91c\" data-element_type=\"widget\" data-e-type=\"widget\" data-widget_type=\"heading.default\">\n\t\t\t\t<div class=\"elementor-widget-container\">\n\t\t\t\t\t<h1 class=\"elementor-heading-title elementor-size-default\">\u00bfPOR QU\u00c9 ELEGIMOS ESTOS DISE\u00d1OS?<\/h1>\t\t\t\t<\/div>\n\t\t\t\t<\/div>\n\t\t\t\t<div class=\"elementor-element elementor-element-c2f1a58 elementor-widget elementor-widget-text-editor\" data-id=\"c2f1a58\" data-element_type=\"widget\" data-e-type=\"widget\" data-widget_type=\"text-editor.default\">\n\t\t\t\t<div class=\"elementor-widget-container\">\n\t\t\t\t\t\t\t\t\t<h4>Ya os explicamos que lo tradicional y lo moderno prima en \u00e9sta nueva imagen de nuestra empresa, y prueba de ello, son los dise\u00f1os que hemos elegido como propios.<\/h4><p>\u00a0<\/p><h4>La riqueza de nuestra cultura, nos ofrece infinidad de palabras en nuestro idioma, que decidimos usar en nuestros dise\u00f1os. Algo sencillo y arraigado a nuestra tradici\u00f3n.<\/h4><p>\u00a0<\/p><h4>Pensamos tanto que la tradici\u00f3n es parte de nosotros, que quisimos involucrar a nuestra familia, y les pedimos que nos aportaran palabras en nuestro idioma, algunas ya en desuso y que no quer\u00edamos perder. Galiza, zona de millones de palabras hermosas e infinitas para definir un mismo objeto, era la mejor opci\u00f3n para nuestra marca propia.<\/h4><p>\u00a0<\/p><h4>Con esa avalancha de ideas, unidas a nuestra nueva imagen de marca, intentamos reflejar la importancia de lo tradicional unido a lo moderno a la hora de ejecutar las prendas.<\/h4><p>\u00a0<\/p><h4>Impresi\u00f3n directa y sublimaci\u00f3n son las t\u00e9cnicas elegidas para plasmar nuestras ideas\u2026. Os gustan??<\/h4>\t\t\t\t\t\t\t\t<\/div>\n\t\t\t\t<\/div>\n\t\t\t\t\t<\/div>\n\t\t<\/div>\n\t\t\t\t\t<\/div>\n\t\t<\/section>\n\t\t\t\t<section class=\"elementor-section elementor-top-section elementor-element elementor-element-7f99ca4 elementor-section-boxed elementor-section-height-default elementor-section-height-default parallax_section_no qode_elementor_container_no\" data-id=\"7f99ca4\" data-element_type=\"section\" data-e-type=\"section\">\n\t\t\t\t\t\t<div class=\"elementor-container elementor-column-gap-default\">\n\t\t\t\t\t<div class=\"elementor-column elementor-col-100 elementor-top-column elementor-element elementor-element-c2e5632\" data-id=\"c2e5632\" data-element_type=\"column\" data-e-type=\"column\">\n\t\t\t<div class=\"elementor-widget-wrap elementor-element-populated\">\n\t\t\t\t\t\t<div class=\"elementor-element elementor-element-53e809d wl-columns-3 elementor-widget elementor-widget-wl-category-grid\" data-id=\"53e809d\" data-element_type=\"widget\" data-e-type=\"widget\" data-widget_type=\"wl-category-grid.default\">\n\t\t\t\t<div class=\"elementor-widget-container\">\n\t\t\t\t\t<div class=\"wl-row   \" data-settings=\"\" >                <div class=\"wl-col-3\">\n\n                                            <div class=\"ht-category-wrap\">\n                                                        <div class=\"ht-category-image-3 ht-category-image-zoom\">\n                                <a href=\"https:\/\/www.serigrafiaeo.com\/es\/categoria-producto\/bolsas\/\">\n                                    <img decoding=\"async\" width=\"500\" height=\"500\" src=\"https:\/\/i0.wp.com\/www.serigrafiaeo.com\/wp-content\/uploads\/2021\/03\/1-Carrizo-delante-bolsa.jpg?resize=500%2C500&amp;ssl=1\" class=\"attachment-portfolio_masonry_regular size-portfolio_masonry_regular\" alt=\"\" srcset=\"https:\/\/i0.wp.com\/www.serigrafiaeo.com\/wp-content\/uploads\/2021\/03\/1-Carrizo-delante-bolsa.jpg?resize=150%2C150&amp;ssl=1 150w, https:\/\/i0.wp.com\/www.serigrafiaeo.com\/wp-content\/uploads\/2021\/03\/1-Carrizo-delante-bolsa.jpg?resize=570%2C570&amp;ssl=1 570w, https:\/\/i0.wp.com\/www.serigrafiaeo.com\/wp-content\/uploads\/2021\/03\/1-Carrizo-delante-bolsa.jpg?resize=500%2C500&amp;ssl=1 500w, https:\/\/i0.wp.com\/www.serigrafiaeo.com\/wp-content\/uploads\/2021\/03\/1-Carrizo-delante-bolsa.jpg?resize=1000%2C1000&amp;ssl=1 1000w, https:\/\/i0.wp.com\/www.serigrafiaeo.com\/wp-content\/uploads\/2021\/03\/1-Carrizo-delante-bolsa.jpg?resize=300%2C300&amp;ssl=1 300w, https:\/\/i0.wp.com\/www.serigrafiaeo.com\/wp-content\/uploads\/2021\/03\/1-Carrizo-delante-bolsa.jpg?resize=100%2C100&amp;ssl=1 100w\" sizes=\"(max-width: 500px) 100vw, 500px\" \/>                                <\/a>\n                            <\/div>\n                                                        <div class=\"ht-category-content-5\">\n                                <h3><a href=\"https:\/\/www.serigrafiaeo.com\/es\/categoria-producto\/bolsas\/\">Bolsas<\/a><\/h3>\n                            <\/div>\n                                                    <\/div>\n\n                    \n                <\/div>\n                                <div class=\"wl-col-3\">\n\n                                            <div class=\"ht-category-wrap\">\n                                                        <div class=\"ht-category-image-3 ht-category-image-zoom\">\n                                <a href=\"https:\/\/www.serigrafiaeo.com\/es\/categoria-producto\/camisetas\/\">\n                                    <img decoding=\"async\" width=\"500\" height=\"500\" src=\"https:\/\/i0.wp.com\/www.serigrafiaeo.com\/wp-content\/uploads\/2021\/03\/1-Arrolo-delante-camiseta-hombre-scaled.jpg?resize=500%2C500&amp;ssl=1\" class=\"attachment-portfolio_masonry_regular size-portfolio_masonry_regular\" alt=\"\" srcset=\"https:\/\/i0.wp.com\/www.serigrafiaeo.com\/wp-content\/uploads\/2021\/03\/1-Arrolo-delante-camiseta-hombre-scaled.jpg?w=2560&amp;ssl=1 2560w, https:\/\/i0.wp.com\/www.serigrafiaeo.com\/wp-content\/uploads\/2021\/03\/1-Arrolo-delante-camiseta-hombre-scaled.jpg?resize=300%2C300&amp;ssl=1 300w, https:\/\/i0.wp.com\/www.serigrafiaeo.com\/wp-content\/uploads\/2021\/03\/1-Arrolo-delante-camiseta-hombre-scaled.jpg?resize=1024%2C1024&amp;ssl=1 1024w, https:\/\/i0.wp.com\/www.serigrafiaeo.com\/wp-content\/uploads\/2021\/03\/1-Arrolo-delante-camiseta-hombre-scaled.jpg?resize=150%2C150&amp;ssl=1 150w, https:\/\/i0.wp.com\/www.serigrafiaeo.com\/wp-content\/uploads\/2021\/03\/1-Arrolo-delante-camiseta-hombre-scaled.jpg?resize=768%2C768&amp;ssl=1 768w, https:\/\/i0.wp.com\/www.serigrafiaeo.com\/wp-content\/uploads\/2021\/03\/1-Arrolo-delante-camiseta-hombre-scaled.jpg?resize=1536%2C1536&amp;ssl=1 1536w, https:\/\/i0.wp.com\/www.serigrafiaeo.com\/wp-content\/uploads\/2021\/03\/1-Arrolo-delante-camiseta-hombre-scaled.jpg?resize=2048%2C2048&amp;ssl=1 2048w, https:\/\/i0.wp.com\/www.serigrafiaeo.com\/wp-content\/uploads\/2021\/03\/1-Arrolo-delante-camiseta-hombre-scaled.jpg?resize=12%2C12&amp;ssl=1 12w, https:\/\/i0.wp.com\/www.serigrafiaeo.com\/wp-content\/uploads\/2021\/03\/1-Arrolo-delante-camiseta-hombre-scaled.jpg?resize=570%2C570&amp;ssl=1 570w, https:\/\/i0.wp.com\/www.serigrafiaeo.com\/wp-content\/uploads\/2021\/03\/1-Arrolo-delante-camiseta-hombre-scaled.jpg?resize=500%2C500&amp;ssl=1 500w, https:\/\/i0.wp.com\/www.serigrafiaeo.com\/wp-content\/uploads\/2021\/03\/1-Arrolo-delante-camiseta-hombre-scaled.jpg?resize=1000%2C1000&amp;ssl=1 1000w, https:\/\/i0.wp.com\/www.serigrafiaeo.com\/wp-content\/uploads\/2021\/03\/1-Arrolo-delante-camiseta-hombre-scaled.jpg?resize=700%2C700&amp;ssl=1 700w, https:\/\/i0.wp.com\/www.serigrafiaeo.com\/wp-content\/uploads\/2021\/03\/1-Arrolo-delante-camiseta-hombre-scaled.jpg?resize=100%2C100&amp;ssl=1 100w, https:\/\/i0.wp.com\/www.serigrafiaeo.com\/wp-content\/uploads\/2021\/03\/1-Arrolo-delante-camiseta-hombre-scaled.jpg?w=2120&amp;ssl=1 2120w\" sizes=\"(max-width: 500px) 100vw, 500px\" \/>                                <\/a>\n                            <\/div>\n                                                        <div class=\"ht-category-content-5\">\n                                <h3><a href=\"https:\/\/www.serigrafiaeo.com\/es\/categoria-producto\/camisetas\/\">Camisetas<\/a><\/h3>\n                            <\/div>\n                                                    <\/div>\n\n                    \n                <\/div>\n                                <div class=\"wl-col-3\">\n\n                                            <div class=\"ht-category-wrap\">\n                                                        <div class=\"ht-category-image-3 ht-category-image-zoom\">\n                                <a href=\"https:\/\/www.serigrafiaeo.com\/es\/categoria-producto\/tazas\/\">\n                                    <img loading=\"lazy\" decoding=\"async\" width=\"500\" height=\"500\" src=\"https:\/\/i0.wp.com\/www.serigrafiaeo.com\/wp-content\/uploads\/2021\/03\/CAMBELEIRA-1.jpg?resize=500%2C500&amp;ssl=1\" class=\"attachment-portfolio_masonry_regular size-portfolio_masonry_regular\" alt=\"\" srcset=\"https:\/\/i0.wp.com\/www.serigrafiaeo.com\/wp-content\/uploads\/2021\/03\/CAMBELEIRA-1.jpg?resize=150%2C150&amp;ssl=1 150w, https:\/\/i0.wp.com\/www.serigrafiaeo.com\/wp-content\/uploads\/2021\/03\/CAMBELEIRA-1.jpg?resize=570%2C570&amp;ssl=1 570w, https:\/\/i0.wp.com\/www.serigrafiaeo.com\/wp-content\/uploads\/2021\/03\/CAMBELEIRA-1.jpg?resize=500%2C500&amp;ssl=1 500w, https:\/\/i0.wp.com\/www.serigrafiaeo.com\/wp-content\/uploads\/2021\/03\/CAMBELEIRA-1.jpg?resize=300%2C300&amp;ssl=1 300w, https:\/\/i0.wp.com\/www.serigrafiaeo.com\/wp-content\/uploads\/2021\/03\/CAMBELEIRA-1.jpg?resize=100%2C100&amp;ssl=1 100w, https:\/\/i0.wp.com\/www.serigrafiaeo.com\/wp-content\/uploads\/2021\/03\/CAMBELEIRA-1.jpg?zoom=2&amp;resize=500%2C500&amp;ssl=1 1000w, https:\/\/i0.wp.com\/www.serigrafiaeo.com\/wp-content\/uploads\/2021\/03\/CAMBELEIRA-1.jpg?zoom=3&amp;resize=500%2C500&amp;ssl=1 1500w\" sizes=\"(max-width: 500px) 100vw, 500px\" \/>                                <\/a>\n                            <\/div>\n                                                        <div class=\"ht-category-content-5\">\n                                <h3><a href=\"https:\/\/www.serigrafiaeo.com\/es\/categoria-producto\/tazas\/\">Tazas<\/a><\/h3>\n                            <\/div>\n                                                    <\/div>\n\n                    \n                <\/div>\n                <\/div>\t\t\t\t<\/div>\n\t\t\t\t<\/div>\n\t\t\t\t\t<\/div>\n\t\t<\/div>\n\t\t\t\t\t<\/div>\n\t\t<\/section>\n\t\t\t\t<\/div>\n\t\t","protected":false},"excerpt":{"rendered":"<p>\u00bfPOR QU\u00c9 ELEGIMOS ESTOS DISE\u00d1OS? Ya os explicamos que lo tradicional y lo moderno prima en \u00e9sta nueva imagen de nuestra empresa, y prueba de ello, son los dise\u00f1os que hemos elegido como propios. La riqueza de nuestra cultura, nos ofrece infinidad de palabras en&#8230;<\/p>\n","protected":false},"author":2,"featured_media":0,"parent":0,"menu_order":0,"comment_status":"closed","ping_status":"closed","template":"","meta":{"_joinchat":[],"footnotes":""},"class_list":["post-16912","page","type-page","status-publish","hentry"],"yoast_head":"<!-- This site is optimized with the Yoast SEO plugin v27.4 - https:\/\/yoast.com\/product\/yoast-seo-wordpress\/ -->\n<title>Tienda - Serigraf\u00eda EO - Serigraf\u00eda tradicional en Ribadeo, Lugo<\/title>\n<meta name=\"robots\" content=\"index, follow, max-snippet:-1, max-image-preview:large, max-video-preview:-1\" \/>\n<link rel=\"canonical\" href=\"https:\/\/www.serigrafiaeo.com\/es\/tenda\/\" \/>\n<meta property=\"og:locale\" content=\"es_ES\" \/>\n<meta property=\"og:type\" content=\"article\" \/>\n<meta property=\"og:title\" content=\"Tienda - Serigraf\u00eda EO - Serigraf\u00eda tradicional en Ribadeo, Lugo\" \/>\n<meta property=\"og:description\" content=\"\u00bfPOR QU\u00c9 ELEGIMOS ESTOS DISE\u00d1OS? Ya os explicamos que lo tradicional y lo moderno prima en \u00e9sta nueva imagen de nuestra empresa, y prueba de ello, son los dise\u00f1os que hemos elegido como propios. La riqueza de nuestra cultura, nos ofrece infinidad de palabras en...\" \/>\n<meta property=\"og:url\" content=\"https:\/\/www.serigrafiaeo.com\/es\/tenda\/\" \/>\n<meta property=\"og:site_name\" content=\"Serigraf\u00eda EO - Serigraf\u00eda tradicional en Ribadeo, Lugo\" \/>\n<meta property=\"article:modified_time\" content=\"2021-06-29T09:52:41+00:00\" \/>\n<meta property=\"og:image\" content=\"https:\/\/www.serigrafiaeo.com\/wp-content\/uploads\/2021\/03\/1-Lostrego-delante-bolsa-500x500.jpg\" \/>\n<meta name=\"twitter:card\" content=\"summary_large_image\" \/>\n<meta name=\"twitter:label1\" content=\"Tiempo de lectura\" \/>\n\t<meta name=\"twitter:data1\" content=\"2 minutos\" \/>\n<script type=\"application\/ld+json\" class=\"yoast-schema-graph\">{\"@context\":\"https:\\\/\\\/schema.org\",\"@graph\":[{\"@type\":\"WebPage\",\"@id\":\"https:\\\/\\\/www.serigrafiaeo.com\\\/es\\\/tenda\\\/\",\"url\":\"https:\\\/\\\/www.serigrafiaeo.com\\\/es\\\/tenda\\\/\",\"name\":\"Tienda - Serigraf\u00eda EO - Serigraf\u00eda tradicional en Ribadeo, Lugo\",\"isPartOf\":{\"@id\":\"https:\\\/\\\/www.serigrafiaeo.com\\\/es\\\/#website\"},\"primaryImageOfPage\":{\"@id\":\"https:\\\/\\\/www.serigrafiaeo.com\\\/es\\\/tenda\\\/#primaryimage\"},\"image\":{\"@id\":\"https:\\\/\\\/www.serigrafiaeo.com\\\/es\\\/tenda\\\/#primaryimage\"},\"thumbnailUrl\":\"https:\\\/\\\/www.serigrafiaeo.com\\\/wp-content\\\/uploads\\\/2021\\\/03\\\/1-Lostrego-delante-bolsa-500x500.jpg\",\"datePublished\":\"2021-06-23T12:10:43+00:00\",\"dateModified\":\"2021-06-29T09:52:41+00:00\",\"breadcrumb\":{\"@id\":\"https:\\\/\\\/www.serigrafiaeo.com\\\/es\\\/tenda\\\/#breadcrumb\"},\"inLanguage\":\"es\",\"potentialAction\":[{\"@type\":\"ReadAction\",\"target\":[\"https:\\\/\\\/www.serigrafiaeo.com\\\/es\\\/tenda\\\/\"]}]},{\"@type\":\"ImageObject\",\"inLanguage\":\"es\",\"@id\":\"https:\\\/\\\/www.serigrafiaeo.com\\\/es\\\/tenda\\\/#primaryimage\",\"url\":\"https:\\\/\\\/www.serigrafiaeo.com\\\/wp-content\\\/uploads\\\/2021\\\/03\\\/1-Lostrego-delante-bolsa-500x500.jpg\",\"contentUrl\":\"https:\\\/\\\/www.serigrafiaeo.com\\\/wp-content\\\/uploads\\\/2021\\\/03\\\/1-Lostrego-delante-bolsa-500x500.jpg\"},{\"@type\":\"BreadcrumbList\",\"@id\":\"https:\\\/\\\/www.serigrafiaeo.com\\\/es\\\/tenda\\\/#breadcrumb\",\"itemListElement\":[{\"@type\":\"ListItem\",\"position\":1,\"name\":\"Portada\",\"item\":\"https:\\\/\\\/www.serigrafiaeo.com\\\/\"},{\"@type\":\"ListItem\",\"position\":2,\"name\":\"Tienda\"}]},{\"@type\":\"WebSite\",\"@id\":\"https:\\\/\\\/www.serigrafiaeo.com\\\/es\\\/#website\",\"url\":\"https:\\\/\\\/www.serigrafiaeo.com\\\/es\\\/\",\"name\":\"Serigraf\u00eda EO - Serigraf\u00eda tradicional en Ribadeo, Lugo\",\"description\":\"\",\"potentialAction\":[{\"@type\":\"SearchAction\",\"target\":{\"@type\":\"EntryPoint\",\"urlTemplate\":\"https:\\\/\\\/www.serigrafiaeo.com\\\/es\\\/?s={search_term_string}\"},\"query-input\":{\"@type\":\"PropertyValueSpecification\",\"valueRequired\":true,\"valueName\":\"search_term_string\"}}],\"inLanguage\":\"es\"}]}<\/script>\n<!-- \/ Yoast SEO plugin. -->","yoast_head_json":{"title":"Tienda - Serigraf\u00eda EO - Serigraf\u00eda tradicional en Ribadeo, Lugo","robots":{"index":"index","follow":"follow","max-snippet":"max-snippet:-1","max-image-preview":"max-image-preview:large","max-video-preview":"max-video-preview:-1"},"canonical":"https:\/\/www.serigrafiaeo.com\/es\/tenda\/","og_locale":"es_ES","og_type":"article","og_title":"Tienda - Serigraf\u00eda EO - Serigraf\u00eda tradicional en Ribadeo, Lugo","og_description":"\u00bfPOR QU\u00c9 ELEGIMOS ESTOS DISE\u00d1OS? Ya os explicamos que lo tradicional y lo moderno prima en \u00e9sta nueva imagen de nuestra empresa, y prueba de ello, son los dise\u00f1os que hemos elegido como propios. La riqueza de nuestra cultura, nos ofrece infinidad de palabras en...","og_url":"https:\/\/www.serigrafiaeo.com\/es\/tenda\/","og_site_name":"Serigraf\u00eda EO - Serigraf\u00eda tradicional en Ribadeo, Lugo","article_modified_time":"2021-06-29T09:52:41+00:00","og_image":[{"url":"https:\/\/www.serigrafiaeo.com\/wp-content\/uploads\/2021\/03\/1-Lostrego-delante-bolsa-500x500.jpg","type":"","width":"","height":""}],"twitter_card":"summary_large_image","twitter_misc":{"Tiempo de lectura":"2 minutos"},"schema":{"@context":"https:\/\/schema.org","@graph":[{"@type":"WebPage","@id":"https:\/\/www.serigrafiaeo.com\/es\/tenda\/","url":"https:\/\/www.serigrafiaeo.com\/es\/tenda\/","name":"Tienda - Serigraf\u00eda EO - Serigraf\u00eda tradicional en Ribadeo, Lugo","isPartOf":{"@id":"https:\/\/www.serigrafiaeo.com\/es\/#website"},"primaryImageOfPage":{"@id":"https:\/\/www.serigrafiaeo.com\/es\/tenda\/#primaryimage"},"image":{"@id":"https:\/\/www.serigrafiaeo.com\/es\/tenda\/#primaryimage"},"thumbnailUrl":"https:\/\/www.serigrafiaeo.com\/wp-content\/uploads\/2021\/03\/1-Lostrego-delante-bolsa-500x500.jpg","datePublished":"2021-06-23T12:10:43+00:00","dateModified":"2021-06-29T09:52:41+00:00","breadcrumb":{"@id":"https:\/\/www.serigrafiaeo.com\/es\/tenda\/#breadcrumb"},"inLanguage":"es","potentialAction":[{"@type":"ReadAction","target":["https:\/\/www.serigrafiaeo.com\/es\/tenda\/"]}]},{"@type":"ImageObject","inLanguage":"es","@id":"https:\/\/www.serigrafiaeo.com\/es\/tenda\/#primaryimage","url":"https:\/\/www.serigrafiaeo.com\/wp-content\/uploads\/2021\/03\/1-Lostrego-delante-bolsa-500x500.jpg","contentUrl":"https:\/\/www.serigrafiaeo.com\/wp-content\/uploads\/2021\/03\/1-Lostrego-delante-bolsa-500x500.jpg"},{"@type":"BreadcrumbList","@id":"https:\/\/www.serigrafiaeo.com\/es\/tenda\/#breadcrumb","itemListElement":[{"@type":"ListItem","position":1,"name":"Portada","item":"https:\/\/www.serigrafiaeo.com\/"},{"@type":"ListItem","position":2,"name":"Tienda"}]},{"@type":"WebSite","@id":"https:\/\/www.serigrafiaeo.com\/es\/#website","url":"https:\/\/www.serigrafiaeo.com\/es\/","name":"Serigraf\u00eda EO - Serigraf\u00eda tradicional en Ribadeo, Lugo","description":"","potentialAction":[{"@type":"SearchAction","target":{"@type":"EntryPoint","urlTemplate":"https:\/\/www.serigrafiaeo.com\/es\/?s={search_term_string}"},"query-input":{"@type":"PropertyValueSpecification","valueRequired":true,"valueName":"search_term_string"}}],"inLanguage":"es"}]}},"jetpack_sharing_enabled":true,"_links":{"self":[{"href":"https:\/\/www.serigrafiaeo.com\/es\/wp-json\/wp\/v2\/pages\/16912","targetHints":{"allow":["GET"]}}],"collection":[{"href":"https:\/\/www.serigrafiaeo.com\/es\/wp-json\/wp\/v2\/pages"}],"about":[{"href":"https:\/\/www.serigrafiaeo.com\/es\/wp-json\/wp\/v2\/types\/page"}],"author":[{"embeddable":true,"href":"https:\/\/www.serigrafiaeo.com\/es\/wp-json\/wp\/v2\/users\/2"}],"replies":[{"embeddable":true,"href":"https:\/\/www.serigrafiaeo.com\/es\/wp-json\/wp\/v2\/comments?post=16912"}],"version-history":[{"count":26,"href":"https:\/\/www.serigrafiaeo.com\/es\/wp-json\/wp\/v2\/pages\/16912\/revisions"}],"predecessor-version":[{"id":17051,"href":"https:\/\/www.serigrafiaeo.com\/es\/wp-json\/wp\/v2\/pages\/16912\/revisions\/17051"}],"wp:attachment":[{"href":"https:\/\/www.serigrafiaeo.com\/es\/wp-json\/wp\/v2\/media?parent=16912"}],"curies":[{"name":"wp","href":"https:\/\/api.w.org\/{rel}","templated":true}]}}