{"id":16658,"date":"2021-04-17T14:38:32","date_gmt":"2021-04-17T14:38:32","guid":{"rendered":"https:\/\/serigrafiaeo.com\/?page_id=16658"},"modified":"2021-04-22T22:02:05","modified_gmt":"2021-04-22T22:02:05","slug":"contacto","status":"publish","type":"page","link":"https:\/\/www.serigrafiaeo.com\/es\/contacto\/","title":{"rendered":"Contacto"},"content":{"rendered":"\t\t<div data-elementor-type=\"wp-page\" data-elementor-id=\"16658\" class=\"elementor elementor-16658\">\n\t\t\t\t\t\t<section class=\"elementor-section elementor-top-section elementor-element elementor-element-285a252 elementor-section-full_width elementor-section-height-default elementor-section-height-default parallax_section_no qode_elementor_container_no\" data-id=\"285a252\" data-element_type=\"section\" data-e-type=\"section\">\n\t\t\t\t\t\t<div class=\"elementor-container elementor-column-gap-default\">\n\t\t\t\t\t<div class=\"elementor-column elementor-col-100 elementor-top-column elementor-element elementor-element-4ca4ac3\" data-id=\"4ca4ac3\" data-element_type=\"column\" data-e-type=\"column\">\n\t\t\t<div class=\"elementor-widget-wrap elementor-element-populated\">\n\t\t\t\t\t\t<div class=\"elementor-element elementor-element-d4ea0a7 elementor-widget elementor-widget-spacer\" data-id=\"d4ea0a7\" data-element_type=\"widget\" data-e-type=\"widget\" data-widget_type=\"spacer.default\">\n\t\t\t\t<div class=\"elementor-widget-container\">\n\t\t\t\t\t\t\t<div class=\"elementor-spacer\">\n\t\t\t<div class=\"elementor-spacer-inner\"><\/div>\n\t\t<\/div>\n\t\t\t\t\t\t<\/div>\n\t\t\t\t<\/div>\n\t\t\t\t<div class=\"elementor-element elementor-element-6b7cc80 elementor-widget elementor-widget-google_maps\" data-id=\"6b7cc80\" data-element_type=\"widget\" data-e-type=\"widget\" data-widget_type=\"google_maps.default\">\n\t\t\t\t<div class=\"elementor-widget-container\">\n\t\t\t\t\t\t\t<div class=\"elementor-custom-embed\">\n\t\t\t<iframe loading=\"lazy\"\n\t\t\t\t\tsrc=\"https:\/\/maps.google.com\/maps?q=Serigrafia%20EO&#038;t=m&#038;z=13&#038;output=embed&#038;iwloc=near\"\n\t\t\t\t\ttitle=\"Serigrafia EO\"\n\t\t\t\t\taria-label=\"Serigrafia EO\"\n\t\t\t><\/iframe>\n\t\t<\/div>\n\t\t\t\t\t\t<\/div>\n\t\t\t\t<\/div>\n\t\t\t\t<div class=\"elementor-element elementor-element-8f0d9d5 elementor-widget elementor-widget-spacer\" data-id=\"8f0d9d5\" data-element_type=\"widget\" data-e-type=\"widget\" data-widget_type=\"spacer.default\">\n\t\t\t\t<div class=\"elementor-widget-container\">\n\t\t\t\t\t\t\t<div class=\"elementor-spacer\">\n\t\t\t<div class=\"elementor-spacer-inner\"><\/div>\n\t\t<\/div>\n\t\t\t\t\t\t<\/div>\n\t\t\t\t<\/div>\n\t\t\t\t<div class=\"elementor-element elementor-element-f7fc89a elementor-widget elementor-widget-heading\" data-id=\"f7fc89a\" data-element_type=\"widget\" data-e-type=\"widget\" data-widget_type=\"heading.default\">\n\t\t\t\t<div class=\"elementor-widget-container\">\n\t\t\t\t\t<h2 class=\"elementor-heading-title elementor-size-default\">D\u00c9JANOS UN MENSAJE<\/h2>\t\t\t\t<\/div>\n\t\t\t\t<\/div>\n\t\t\t\t<div class=\"elementor-element elementor-element-d7ab889 elementor-widget-divider--view-line elementor-widget elementor-widget-divider\" data-id=\"d7ab889\" data-element_type=\"widget\" data-e-type=\"widget\" data-widget_type=\"divider.default\">\n\t\t\t\t<div class=\"elementor-widget-container\">\n\t\t\t\t\t\t\t<div class=\"elementor-divider\">\n\t\t\t<span class=\"elementor-divider-separator\">\n\t\t\t\t\t\t<\/span>\n\t\t<\/div>\n\t\t\t\t\t\t<\/div>\n\t\t\t\t<\/div>\n\t\t\t\t<div class=\"elementor-element elementor-element-c3be348 elementor-widget elementor-widget-spacer\" data-id=\"c3be348\" data-element_type=\"widget\" data-e-type=\"widget\" data-widget_type=\"spacer.default\">\n\t\t\t\t<div class=\"elementor-widget-container\">\n\t\t\t\t\t\t\t<div class=\"elementor-spacer\">\n\t\t\t<div class=\"elementor-spacer-inner\"><\/div>\n\t\t<\/div>\n\t\t\t\t\t\t<\/div>\n\t\t\t\t<\/div>\n\t\t\t\t\t<\/div>\n\t\t<\/div>\n\t\t\t\t\t<\/div>\n\t\t<\/section>\n\t\t\t\t<section class=\"elementor-section elementor-top-section elementor-element elementor-element-3ac11e3 elementor-section-boxed elementor-section-height-default elementor-section-height-default parallax_section_no qode_elementor_container_no\" data-id=\"3ac11e3\" data-element_type=\"section\" data-e-type=\"section\">\n\t\t\t\t\t\t<div class=\"elementor-container elementor-column-gap-default\">\n\t\t\t\t\t<div class=\"elementor-column elementor-col-33 elementor-top-column elementor-element elementor-element-a09885e\" data-id=\"a09885e\" data-element_type=\"column\" data-e-type=\"column\">\n\t\t\t<div class=\"elementor-widget-wrap elementor-element-populated\">\n\t\t\t\t\t\t<div class=\"elementor-element elementor-element-5ce0556 elementor-widget elementor-widget-heading\" data-id=\"5ce0556\" data-element_type=\"widget\" data-e-type=\"widget\" data-widget_type=\"heading.default\">\n\t\t\t\t<div class=\"elementor-widget-container\">\n\t\t\t\t\t<h3 class=\"elementor-heading-title elementor-size-default\">DATOS DE CONTACTO<\/h3>\t\t\t\t<\/div>\n\t\t\t\t<\/div>\n\t\t\t\t<div class=\"elementor-element elementor-element-b22f6e7 elementor-widget elementor-widget-text-editor\" data-id=\"b22f6e7\" data-element_type=\"widget\" data-e-type=\"widget\" data-widget_type=\"text-editor.default\">\n\t\t\t\t<div class=\"elementor-widget-container\">\n\t\t\t\t\t\t\t\t\t<p>Barrio de la Cruz, N\u00ba 2<\/p><p>27710, Vilasel\u00e1n, Ribadeo (Lugo)<\/p><p><strong>Email<\/strong>:\u00a0<a href=\"mailto:comercial@serigrafiaeo.com\">comercial@serigrafiaeo.com<\/a><\/p><p><strong>Telf.<\/strong>:\u00a0<a href=\"tel:982128841\" data-dtype=\"d3ifr\" data-local-attribute=\"d3ph\" data-ved=\"2ahUKEwjxmKu60bnvAhVLSxUIHVOuAeUQkAgoADAXegQIExAD\"><span role=\"link\" aria-label=\"Chamar ao n\u00famero de tel\u00e9fono 982 12 88 41\">982 12 88 41<\/span><\/a><span role=\"link\" aria-label=\"Chamar ao n\u00famero de tel\u00e9fono 982 12 88 41\">\u00a0\u2013\u00a0<a href=\"tel:+34653514838\">653 51 48 38<\/a><\/span><\/p>\t\t\t\t\t\t\t\t<\/div>\n\t\t\t\t<\/div>\n\t\t\t\t<section class=\"elementor-section elementor-inner-section elementor-element elementor-element-b9f472a elementor-section-boxed elementor-section-height-default elementor-section-height-default parallax_section_no qode_elementor_container_no\" data-id=\"b9f472a\" data-element_type=\"section\" data-e-type=\"section\">\n\t\t\t\t\t\t<div class=\"elementor-container elementor-column-gap-default\">\n\t\t\t\t\t<div class=\"elementor-column elementor-col-33 elementor-inner-column elementor-element elementor-element-10a7d5e\" data-id=\"10a7d5e\" data-element_type=\"column\" data-e-type=\"column\">\n\t\t\t<div class=\"elementor-widget-wrap elementor-element-populated\">\n\t\t\t\t\t\t<div class=\"elementor-element elementor-element-70a6f2b elementor-view-default elementor-widget elementor-widget-icon\" data-id=\"70a6f2b\" data-element_type=\"widget\" data-e-type=\"widget\" data-widget_type=\"icon.default\">\n\t\t\t\t<div class=\"elementor-widget-container\">\n\t\t\t\t\t\t\t<div class=\"elementor-icon-wrapper\">\n\t\t\t<a class=\"elementor-icon\" href=\"https:\/\/www.facebook.com\/Serigrafia-EO-1786568008156217\/\">\n\t\t\t<i aria-hidden=\"true\" class=\"fab fa-facebook\"><\/i>\t\t\t<\/a>\n\t\t<\/div>\n\t\t\t\t\t\t<\/div>\n\t\t\t\t<\/div>\n\t\t\t\t\t<\/div>\n\t\t<\/div>\n\t\t\t\t<div class=\"elementor-column elementor-col-33 elementor-inner-column elementor-element elementor-element-3da48d2\" data-id=\"3da48d2\" data-element_type=\"column\" data-e-type=\"column\">\n\t\t\t<div class=\"elementor-widget-wrap elementor-element-populated\">\n\t\t\t\t\t\t<div class=\"elementor-element elementor-element-60980aa elementor-view-default elementor-widget elementor-widget-icon\" data-id=\"60980aa\" data-element_type=\"widget\" data-e-type=\"widget\" data-widget_type=\"icon.default\">\n\t\t\t\t<div class=\"elementor-widget-container\">\n\t\t\t\t\t\t\t<div class=\"elementor-icon-wrapper\">\n\t\t\t<a class=\"elementor-icon\" href=\"https:\/\/www.instagram.com\/serigrafia_eo\/\">\n\t\t\t<i aria-hidden=\"true\" class=\"fab fa-instagram\"><\/i>\t\t\t<\/a>\n\t\t<\/div>\n\t\t\t\t\t\t<\/div>\n\t\t\t\t<\/div>\n\t\t\t\t\t<\/div>\n\t\t<\/div>\n\t\t\t\t<div class=\"elementor-column elementor-col-33 elementor-inner-column elementor-element elementor-element-f295f44\" data-id=\"f295f44\" data-element_type=\"column\" data-e-type=\"column\">\n\t\t\t<div class=\"elementor-widget-wrap\">\n\t\t\t\t\t\t\t<\/div>\n\t\t<\/div>\n\t\t\t\t\t<\/div>\n\t\t<\/section>\n\t\t\t\t\t<\/div>\n\t\t<\/div>\n\t\t\t\t<div class=\"elementor-column elementor-col-66 elementor-top-column elementor-element elementor-element-85ebb43\" data-id=\"85ebb43\" data-element_type=\"column\" data-e-type=\"column\">\n\t\t\t<div class=\"elementor-widget-wrap elementor-element-populated\">\n\t\t\t\t\t\t<div class=\"elementor-element elementor-element-d59c9c5 elementor-widget elementor-widget-heading\" data-id=\"d59c9c5\" data-element_type=\"widget\" data-e-type=\"widget\" data-widget_type=\"heading.default\">\n\t\t\t\t<div class=\"elementor-widget-container\">\n\t\t\t\t\t<h3 class=\"elementor-heading-title elementor-size-default\">CONT\u00c1CTANOS<\/h3>\t\t\t\t<\/div>\n\t\t\t\t<\/div>\n\t\t\t\t<div class=\"elementor-element elementor-element-27b56b0 elementor-widget elementor-widget-bridge_cf_7\" data-id=\"27b56b0\" data-element_type=\"widget\" data-e-type=\"widget\" data-widget_type=\"bridge_cf_7.default\">\n\t\t\t\t<div class=\"elementor-widget-container\">\n\t\t\t\t\t    <div class=\"qode-contact-form-7 qode-contact-form-7-0\">\n    \n<div class=\"wpcf7 no-js\" id=\"wpcf7-f4-o1\" lang=\"es-ES\" dir=\"ltr\" data-wpcf7-id=\"4\">\n<div class=\"screen-reader-response\"><p role=\"status\" aria-live=\"polite\" aria-atomic=\"true\"><\/p> <ul><\/ul><\/div>\n<form action=\"\/es\/wp-json\/wp\/v2\/pages\/16658#wpcf7-f4-o1\" method=\"post\" class=\"wpcf7-form init default\" aria-label=\"Formulario de contacto\" novalidate=\"novalidate\" data-status=\"init\">\n<fieldset class=\"hidden-fields-container\"><input type=\"hidden\" name=\"_wpcf7\" value=\"4\" \/><input type=\"hidden\" name=\"_wpcf7_version\" value=\"6.1.5\" \/><input type=\"hidden\" name=\"_wpcf7_locale\" value=\"es_ES\" \/><input type=\"hidden\" name=\"_wpcf7_unit_tag\" value=\"wpcf7-f4-o1\" \/><input type=\"hidden\" name=\"_wpcf7_container_post\" value=\"0\" \/><input type=\"hidden\" name=\"_wpcf7_posted_data_hash\" value=\"\" \/><input type=\"hidden\" name=\"_wpcf7_recaptcha_response\" value=\"\" \/>\n<\/fieldset>\n<p><label> Tu nombre<br \/>\n<span class=\"wpcf7-form-control-wrap\" data-name=\"your-name\"><input size=\"40\" maxlength=\"400\" class=\"wpcf7-form-control wpcf7-text wpcf7-validates-as-required\" aria-required=\"true\" aria-invalid=\"false\" value=\"\" type=\"text\" name=\"your-name\" \/><\/span> <\/label>\n<\/p>\n<p><label> Tu correo electr\u00f3nico<br \/>\n<span class=\"wpcf7-form-control-wrap\" data-name=\"your-email\"><input size=\"40\" maxlength=\"400\" class=\"wpcf7-form-control wpcf7-email wpcf7-validates-as-required wpcf7-text wpcf7-validates-as-email\" aria-required=\"true\" aria-invalid=\"false\" value=\"\" type=\"email\" name=\"your-email\" \/><\/span> <\/label>\n<\/p>\n<p><label> Asunto<br \/>\n<span class=\"wpcf7-form-control-wrap\" data-name=\"your-subject\"><input size=\"40\" maxlength=\"400\" class=\"wpcf7-form-control wpcf7-text wpcf7-validates-as-required\" aria-required=\"true\" aria-invalid=\"false\" value=\"\" type=\"text\" name=\"your-subject\" \/><\/span> <\/label>\n<\/p>\n<p><label> Tu mensaje (opcional)<br \/>\n<span class=\"wpcf7-form-control-wrap\" data-name=\"your-message\"><textarea cols=\"40\" rows=\"10\" maxlength=\"2000\" class=\"wpcf7-form-control wpcf7-textarea\" aria-invalid=\"false\" name=\"your-message\"><\/textarea><\/span> <\/label>\n<\/p>\n<p><label> Acepto las condiciones de privacidad <span class=\"wpcf7-form-control-wrap\" data-name=\"acceptance-633\"><span class=\"wpcf7-form-control wpcf7-acceptance\"><span class=\"wpcf7-list-item\"><input type=\"checkbox\" name=\"acceptance-633\" value=\"1\" aria-invalid=\"false\" \/><\/span><\/span><\/span> <\/label>\n<\/p>\n<p><input class=\"wpcf7-form-control wpcf7-submit has-spinner\" type=\"submit\" value=\"Enviar\" \/>\n<\/p><div class=\"wpcf7-response-output\" aria-hidden=\"true\"><\/div>\n<\/form>\n<\/div>\n    <\/div>\n\t\t\t\t<\/div>\n\t\t\t\t<\/div>\n\t\t\t\t<div class=\"elementor-element elementor-element-8a636b3 elementor-widget elementor-widget-text-editor\" data-id=\"8a636b3\" data-element_type=\"widget\" data-e-type=\"widget\" data-widget_type=\"text-editor.default\">\n\t\t\t\t<div class=\"elementor-widget-container\">\n\t\t\t\t\t\t\t\t\tEn cumplimiento de lo establecido en el RGPD, sobre Protecci\u00f3n de Datos de Car\u00e1cter Personal y en la Ley Org\u00e1nica 3\/2018, de 5 de diciembre, de Protecci\u00f3n de Datos Personales y garant\u00eda de los derechos digitales, le informamos que el responsable de sus datos es: SERIGRAF\u00cdA EO, S.L. CIF B27185347, BARRIO A CRUZ, N\u00ba 2-VILASEL\u00c1N (27710-RIBADEO)\nLa finalidad del tratamiento de los datos para la que usted da su consentimiento ser\u00e1 la de gestionar la facturaci\u00f3n y gesti\u00f3n del cobro por los productos adquiridos o servicios prestados por la entidad. Los datos proporcionados se conservar\u00e1n mientras no solicite el cese, se sigan manteniendo relaciones comerciales u obliguen a su conservaci\u00f3n otras leyes aplicables. No se ceder\u00e1n datos a terceros en ning\u00fan caso salvo obligaci\u00f3n legal. Ud. tiene derecho al acceso, rectificaci\u00f3n o a solicitar su supresi\u00f3n cuando los datos ya no sean necesarios para los fines que fueron recogidos en los t\u00e9rminos previstos en la Ley, que podr\u00e1n ejercitar mediante escrito dirigido al responsable de los mismos en la direcci\u00f3n anteriormente indicada.\t\t\t\t\t\t\t\t<\/div>\n\t\t\t\t<\/div>\n\t\t\t\t\t<\/div>\n\t\t<\/div>\n\t\t\t\t\t<\/div>\n\t\t<\/section>\n\t\t\t\t<\/div>\n\t\t","protected":false},"excerpt":{"rendered":"<p>D\u00c9JANOS UN MENSAJE DATOS DE CONTACTO Barrio de la Cruz, N\u00ba 2 27710, Vilasel\u00e1n, Ribadeo (Lugo) Email:\u00a0comercial@serigrafiaeo.com Telf.:\u00a0982 12 88 41\u00a0\u2013\u00a0653 51 48 38 CONT\u00c1CTANOS Tu nombre Tu correo electr\u00f3nico Asunto Tu mensaje (opcional) En cumplimiento de lo establecido en el RGPD, sobre Protecci\u00f3n de&#8230;<\/p>\n","protected":false},"author":2,"featured_media":0,"parent":0,"menu_order":0,"comment_status":"closed","ping_status":"closed","template":"elementor_header_footer","meta":{"_joinchat":[],"footnotes":""},"class_list":["post-16658","page","type-page","status-publish","hentry"],"yoast_head":"<!-- This site is optimized with the Yoast SEO plugin v27.4 - https:\/\/yoast.com\/product\/yoast-seo-wordpress\/ -->\n<title>Contacto - Serigraf\u00eda EO - Serigraf\u00eda tradicional en Ribadeo, Lugo<\/title>\n<meta name=\"robots\" content=\"index, follow, max-snippet:-1, max-image-preview:large, max-video-preview:-1\" \/>\n<link rel=\"canonical\" href=\"https:\/\/www.serigrafiaeo.com\/es\/contacto\/\" \/>\n<meta property=\"og:locale\" content=\"es_ES\" \/>\n<meta property=\"og:type\" content=\"article\" \/>\n<meta property=\"og:title\" content=\"Contacto - Serigraf\u00eda EO - Serigraf\u00eda tradicional en Ribadeo, Lugo\" \/>\n<meta property=\"og:description\" content=\"D\u00c9JANOS UN MENSAJE DATOS DE CONTACTO Barrio de la Cruz, N\u00ba 2 27710, Vilasel\u00e1n, Ribadeo (Lugo) Email:\u00a0comercial@serigrafiaeo.com Telf.:\u00a0982 12 88 41\u00a0\u2013\u00a0653 51 48 38 CONT\u00c1CTANOS Tu nombre Tu correo electr\u00f3nico Asunto Tu mensaje (opcional) En cumplimiento de lo establecido en el RGPD, sobre Protecci\u00f3n de...\" \/>\n<meta property=\"og:url\" content=\"https:\/\/www.serigrafiaeo.com\/es\/contacto\/\" \/>\n<meta property=\"og:site_name\" content=\"Serigraf\u00eda EO - Serigraf\u00eda tradicional en Ribadeo, Lugo\" \/>\n<meta property=\"article:modified_time\" content=\"2021-04-22T22:02:05+00:00\" \/>\n<meta name=\"twitter:card\" content=\"summary_large_image\" \/>\n<meta name=\"twitter:label1\" content=\"Tiempo de lectura\" \/>\n\t<meta name=\"twitter:data1\" content=\"1 minuto\" \/>\n<script type=\"application\/ld+json\" class=\"yoast-schema-graph\">{\"@context\":\"https:\\\/\\\/schema.org\",\"@graph\":[{\"@type\":\"WebPage\",\"@id\":\"https:\\\/\\\/www.serigrafiaeo.com\\\/es\\\/contacto\\\/\",\"url\":\"https:\\\/\\\/www.serigrafiaeo.com\\\/es\\\/contacto\\\/\",\"name\":\"Contacto - Serigraf\u00eda EO - Serigraf\u00eda tradicional en Ribadeo, Lugo\",\"isPartOf\":{\"@id\":\"https:\\\/\\\/www.serigrafiaeo.com\\\/es\\\/#website\"},\"datePublished\":\"2021-04-17T14:38:32+00:00\",\"dateModified\":\"2021-04-22T22:02:05+00:00\",\"breadcrumb\":{\"@id\":\"https:\\\/\\\/www.serigrafiaeo.com\\\/es\\\/contacto\\\/#breadcrumb\"},\"inLanguage\":\"es\",\"potentialAction\":[{\"@type\":\"ReadAction\",\"target\":[\"https:\\\/\\\/www.serigrafiaeo.com\\\/es\\\/contacto\\\/\"]}]},{\"@type\":\"BreadcrumbList\",\"@id\":\"https:\\\/\\\/www.serigrafiaeo.com\\\/es\\\/contacto\\\/#breadcrumb\",\"itemListElement\":[{\"@type\":\"ListItem\",\"position\":1,\"name\":\"Portada\",\"item\":\"https:\\\/\\\/www.serigrafiaeo.com\\\/\"},{\"@type\":\"ListItem\",\"position\":2,\"name\":\"Contacto\"}]},{\"@type\":\"WebSite\",\"@id\":\"https:\\\/\\\/www.serigrafiaeo.com\\\/es\\\/#website\",\"url\":\"https:\\\/\\\/www.serigrafiaeo.com\\\/es\\\/\",\"name\":\"Serigraf\u00eda EO - Serigraf\u00eda tradicional en Ribadeo, Lugo\",\"description\":\"\",\"potentialAction\":[{\"@type\":\"SearchAction\",\"target\":{\"@type\":\"EntryPoint\",\"urlTemplate\":\"https:\\\/\\\/www.serigrafiaeo.com\\\/es\\\/?s={search_term_string}\"},\"query-input\":{\"@type\":\"PropertyValueSpecification\",\"valueRequired\":true,\"valueName\":\"search_term_string\"}}],\"inLanguage\":\"es\"}]}<\/script>\n<!-- \/ Yoast SEO plugin. -->","yoast_head_json":{"title":"Contacto - Serigraf\u00eda EO - Serigraf\u00eda tradicional en Ribadeo, Lugo","robots":{"index":"index","follow":"follow","max-snippet":"max-snippet:-1","max-image-preview":"max-image-preview:large","max-video-preview":"max-video-preview:-1"},"canonical":"https:\/\/www.serigrafiaeo.com\/es\/contacto\/","og_locale":"es_ES","og_type":"article","og_title":"Contacto - Serigraf\u00eda EO - Serigraf\u00eda tradicional en Ribadeo, Lugo","og_description":"D\u00c9JANOS UN MENSAJE DATOS DE CONTACTO Barrio de la Cruz, N\u00ba 2 27710, Vilasel\u00e1n, Ribadeo (Lugo) Email:\u00a0comercial@serigrafiaeo.com Telf.:\u00a0982 12 88 41\u00a0\u2013\u00a0653 51 48 38 CONT\u00c1CTANOS Tu nombre Tu correo electr\u00f3nico Asunto Tu mensaje (opcional) En cumplimiento de lo establecido en el RGPD, sobre Protecci\u00f3n de...","og_url":"https:\/\/www.serigrafiaeo.com\/es\/contacto\/","og_site_name":"Serigraf\u00eda EO - Serigraf\u00eda tradicional en Ribadeo, Lugo","article_modified_time":"2021-04-22T22:02:05+00:00","twitter_card":"summary_large_image","twitter_misc":{"Tiempo de lectura":"1 minuto"},"schema":{"@context":"https:\/\/schema.org","@graph":[{"@type":"WebPage","@id":"https:\/\/www.serigrafiaeo.com\/es\/contacto\/","url":"https:\/\/www.serigrafiaeo.com\/es\/contacto\/","name":"Contacto - Serigraf\u00eda EO - Serigraf\u00eda tradicional en Ribadeo, Lugo","isPartOf":{"@id":"https:\/\/www.serigrafiaeo.com\/es\/#website"},"datePublished":"2021-04-17T14:38:32+00:00","dateModified":"2021-04-22T22:02:05+00:00","breadcrumb":{"@id":"https:\/\/www.serigrafiaeo.com\/es\/contacto\/#breadcrumb"},"inLanguage":"es","potentialAction":[{"@type":"ReadAction","target":["https:\/\/www.serigrafiaeo.com\/es\/contacto\/"]}]},{"@type":"BreadcrumbList","@id":"https:\/\/www.serigrafiaeo.com\/es\/contacto\/#breadcrumb","itemListElement":[{"@type":"ListItem","position":1,"name":"Portada","item":"https:\/\/www.serigrafiaeo.com\/"},{"@type":"ListItem","position":2,"name":"Contacto"}]},{"@type":"WebSite","@id":"https:\/\/www.serigrafiaeo.com\/es\/#website","url":"https:\/\/www.serigrafiaeo.com\/es\/","name":"Serigraf\u00eda EO - Serigraf\u00eda tradicional en Ribadeo, Lugo","description":"","potentialAction":[{"@type":"SearchAction","target":{"@type":"EntryPoint","urlTemplate":"https:\/\/www.serigrafiaeo.com\/es\/?s={search_term_string}"},"query-input":{"@type":"PropertyValueSpecification","valueRequired":true,"valueName":"search_term_string"}}],"inLanguage":"es"}]}},"jetpack_sharing_enabled":true,"_links":{"self":[{"href":"https:\/\/www.serigrafiaeo.com\/es\/wp-json\/wp\/v2\/pages\/16658","targetHints":{"allow":["GET"]}}],"collection":[{"href":"https:\/\/www.serigrafiaeo.com\/es\/wp-json\/wp\/v2\/pages"}],"about":[{"href":"https:\/\/www.serigrafiaeo.com\/es\/wp-json\/wp\/v2\/types\/page"}],"author":[{"embeddable":true,"href":"https:\/\/www.serigrafiaeo.com\/es\/wp-json\/wp\/v2\/users\/2"}],"replies":[{"embeddable":true,"href":"https:\/\/www.serigrafiaeo.com\/es\/wp-json\/wp\/v2\/comments?post=16658"}],"version-history":[{"count":20,"href":"https:\/\/www.serigrafiaeo.com\/es\/wp-json\/wp\/v2\/pages\/16658\/revisions"}],"predecessor-version":[{"id":16728,"href":"https:\/\/www.serigrafiaeo.com\/es\/wp-json\/wp\/v2\/pages\/16658\/revisions\/16728"}],"wp:attachment":[{"href":"https:\/\/www.serigrafiaeo.com\/es\/wp-json\/wp\/v2\/media?parent=16658"}],"curies":[{"name":"wp","href":"https:\/\/api.w.org\/{rel}","templated":true}]}}